{"id":1193,"date":"2019-02-03T16:30:30","date_gmt":"2019-02-03T13:30:30","guid":{"rendered":"http:\/\/bursatentebranda.com\/tr\/?page_id=188"},"modified":"2025-05-16T18:39:02","modified_gmt":"2025-05-16T15:39:02","slug":"karpuz-yuvarlak-tenteler","status":"publish","type":"page","link":"http:\/\/bursatentebranda.com\/tr\/karpuz-yuvarlak-tenteler\/","title":{"rendered":"KARPUZ YUVARLAK TENTELER"},"content":{"rendered":"\t\t<div data-elementor-type=\"wp-page\" data-elementor-id=\"1193\" class=\"elementor elementor-1193\">\n\t\t\t\t<div class=\"elementor-element elementor-element-5ac2884 e-flex e-con-boxed wpr-particle-no wpr-jarallax-no wpr-parallax-no wpr-sticky-section-no e-con e-parent\" data-id=\"5ac2884\" data-element_type=\"container\" data-settings=\"{&quot;background_background&quot;:&quot;classic&quot;}\">\n\t\t\t\t\t<div class=\"e-con-inner\">\n\t\t\t\t<div class=\"elementor-element elementor-element-9f028cb elementor-widget elementor-widget-heading\" data-id=\"9f028cb\" data-element_type=\"widget\" data-widget_type=\"heading.default\">\n\t\t\t\t<div class=\"elementor-widget-container\">\n\t\t\t\t\t<h2 class=\"elementor-heading-title elementor-size-default\">BURSA TENTE BRANDA \u00c7ADIR<\/h2>\t\t\t\t<\/div>\n\t\t\t\t<\/div>\n\t\t\t\t<div class=\"elementor-element elementor-element-876cd48 elementor-widget elementor-widget-heading\" data-id=\"876cd48\" data-element_type=\"widget\" data-widget_type=\"heading.default\">\n\t\t\t\t<div class=\"elementor-widget-container\">\n\t\t\t\t\t<h5 class=\"elementor-heading-title elementor-size-default\">Tel: 0224 251 82 23 - Gsm: 0536 653 34 62 - Gsm: 0531 200 44 84\n<\/h5>\t\t\t\t<\/div>\n\t\t\t\t<\/div>\n\t\t\t\t\t<\/div>\n\t\t\t\t<\/div>\n\t\t<div class=\"elementor-element elementor-element-ce3d4a2 e-flex e-con-boxed wpr-particle-no wpr-jarallax-no wpr-parallax-no wpr-sticky-section-no e-con e-parent\" data-id=\"ce3d4a2\" data-element_type=\"container\">\n\t\t\t\t\t<div class=\"e-con-inner\">\n\t\t\t\t<div class=\"elementor-element elementor-element-0c884fd elementor-widget elementor-widget-heading\" data-id=\"0c884fd\" data-element_type=\"widget\" data-widget_type=\"heading.default\">\n\t\t\t\t<div class=\"elementor-widget-container\">\n\t\t\t\t\t<h4 class=\"elementor-heading-title elementor-size-default\">KARPUZ YUVARLAK TENTE<\/h4>\t\t\t\t<\/div>\n\t\t\t\t<\/div>\n\t\t\t\t<div class=\"elementor-element elementor-element-08ba139 elementor-widget elementor-widget-text-editor\" data-id=\"08ba139\" data-element_type=\"widget\" data-widget_type=\"text-editor.default\">\n\t\t\t\t<div class=\"elementor-widget-container\">\n\t\t\t\t\t\t\t\t\t<div class=\"wrap mcb-wrap one valign-top clearfix\">\n<div class=\"mcb-wrap-inner\">\n<div class=\"column mcb-column one column_list \">\n<div class=\"list_item lists_1 clearfix\">\n<div class=\"animate fadeInUp\" data-anim-type=\"fadeInUp\">\n<div class=\"list_right\">\n<div class=\"desc\">\n<div class=\"wrap mcb-wrap one valign-top clearfix\">\n<div class=\"mcb-wrap-inner\">\n<div class=\"column mcb-column one column_list \">\n<div class=\"list_item lists_1 clearfix\">\n<div class=\"animate fadeInUp\" data-anim-type=\"fadeInUp\">\n<div class=\"list_right\">\n<div class=\"desc\">\n<div class=\"wrap mcb-wrap one  valign-top clearfix\">\n<div class=\"mcb-wrap-inner\">\n<div class=\"column mcb-column one column_list \">\n<div class=\"list_item lists_1 clearfix\">\n<div class=\"animate fadeInUp\" data-anim-type=\"fadeInUp\">\n<div class=\"list_right\">\n<div class=\"desc\"><b>20&#215;20 profil aksam\u0131yla olu\u015fup her demire kavis verilerek yap\u0131lan bir tente \u00e7e\u015fididir. Genel olarak kullan\u0131m amac\u0131 d\u0131\u015f cepheye g\u00fczel bir g\u00f6r\u00fcnt\u00fc kazand\u0131rmakt\u0131r.<\/b><\/div>\n<\/div>\n<\/div>\n<\/div>\n<\/div>\n<\/div>\n<\/div>\n<\/div>\n<\/div>\n<\/div>\n<\/div>\n<\/div>\n<\/div>\n<\/div>\n<\/div>\n<\/div>\n<\/div>\n<\/div>\n<\/div>\n<\/div>\n<\/div>\t\t\t\t\t\t\t\t<\/div>\n\t\t\t\t<\/div>\n\t\t\t\t\t<\/div>\n\t\t\t\t<\/div>\n\t\t<div class=\"elementor-element elementor-element-1d6ef02 e-flex e-con-boxed wpr-particle-no wpr-jarallax-no wpr-parallax-no wpr-sticky-section-no e-con e-parent\" data-id=\"1d6ef02\" data-element_type=\"container\">\n\t\t\t\t\t<div class=\"e-con-inner\">\n\t\t\t\t<div class=\"elementor-element elementor-element-1f378f4 elementor-widget elementor-widget-image-gallery\" data-id=\"1f378f4\" data-element_type=\"widget\" data-widget_type=\"image-gallery.default\">\n\t\t\t\t<div class=\"elementor-widget-container\">\n\t\t\t\t\t\t\t<div class=\"elementor-image-gallery\">\n\t\t\t<div id='gallery-1' class='gallery galleryid-1193 gallery-columns-4 gallery-size-large'><figure class='gallery-item'>\n\t\t\t<div class='gallery-icon landscape'>\n\t\t\t\t<a data-elementor-open-lightbox=\"yes\" data-elementor-lightbox-slideshow=\"1f378f4\" data-elementor-lightbox-title=\"karpuz_dilimli_tente_9\" data-elementor-lightbox-description=\"\t\t\t\t\t\t\" data-e-action-hash=\"#elementor-action%3Aaction%3Dlightbox%26settings%3DeyJpZCI6MTE4NSwidXJsIjoiaHR0cDpcL1wvYnVyc2F0ZW50ZWJyYW5kYS5jb21cL3RyXC93cC1jb250ZW50XC91cGxvYWRzXC8yMDE5XC8wMlwva2FycHV6X2RpbGltbGlfdGVudGVfOS5qcGciLCJzbGlkZXNob3ciOiIxZjM3OGY0In0%3D\" href='http:\/\/bursatentebranda.com\/tr\/wp-content\/uploads\/2019\/02\/karpuz_dilimli_tente_9.jpg'><img fetchpriority=\"high\" width=\"500\" height=\"375\" src=\"http:\/\/bursatentebranda.com\/tr\/wp-content\/uploads\/2019\/02\/karpuz_dilimli_tente_9.jpg\" class=\"attachment-large size-large\" alt=\"\" srcset=\"http:\/\/bursatentebranda.com\/tr\/wp-content\/uploads\/2019\/02\/karpuz_dilimli_tente_9.jpg 500w, http:\/\/bursatentebranda.com\/tr\/wp-content\/uploads\/2019\/02\/karpuz_dilimli_tente_9-300x225.jpg 300w\" sizes=\"(max-width: 500px) 100vw, 500px\" \/><\/a>\n\t\t\t<\/div><\/figure><figure class='gallery-item'>\n\t\t\t<div class='gallery-icon landscape'>\n\t\t\t\t<a data-elementor-open-lightbox=\"yes\" data-elementor-lightbox-slideshow=\"1f378f4\" data-elementor-lightbox-title=\"yuvarlak_karpuz_tente_2\" data-elementor-lightbox-description=\"\t\t\t\t\t\t\" data-e-action-hash=\"#elementor-action%3Aaction%3Dlightbox%26settings%3DeyJpZCI6MTE4NiwidXJsIjoiaHR0cDpcL1wvYnVyc2F0ZW50ZWJyYW5kYS5jb21cL3RyXC93cC1jb250ZW50XC91cGxvYWRzXC8yMDE5XC8wMlwveXV2YXJsYWtfa2FycHV6X3RlbnRlXzIuanBnIiwic2xpZGVzaG93IjoiMWYzNzhmNCJ9\" href='http:\/\/bursatentebranda.com\/tr\/wp-content\/uploads\/2019\/02\/yuvarlak_karpuz_tente_2.jpg'><img width=\"430\" height=\"323\" src=\"http:\/\/bursatentebranda.com\/tr\/wp-content\/uploads\/2019\/02\/yuvarlak_karpuz_tente_2.jpg\" class=\"attachment-large size-large\" alt=\"\" srcset=\"http:\/\/bursatentebranda.com\/tr\/wp-content\/uploads\/2019\/02\/yuvarlak_karpuz_tente_2.jpg 430w, http:\/\/bursatentebranda.com\/tr\/wp-content\/uploads\/2019\/02\/yuvarlak_karpuz_tente_2-300x225.jpg 300w\" sizes=\"(max-width: 430px) 100vw, 430px\" \/><\/a>\n\t\t\t<\/div><\/figure><figure class='gallery-item'>\n\t\t\t<div class='gallery-icon landscape'>\n\t\t\t\t<a data-elementor-open-lightbox=\"yes\" data-elementor-lightbox-slideshow=\"1f378f4\" data-elementor-lightbox-title=\"yuvarlak_karpuz_tente_3\" data-elementor-lightbox-description=\"\t\t\t\t\t\t\" data-e-action-hash=\"#elementor-action%3Aaction%3Dlightbox%26settings%3DeyJpZCI6MTE4NywidXJsIjoiaHR0cDpcL1wvYnVyc2F0ZW50ZWJyYW5kYS5jb21cL3RyXC93cC1jb250ZW50XC91cGxvYWRzXC8yMDE5XC8wMlwveXV2YXJsYWtfa2FycHV6X3RlbnRlXzMuanBnIiwic2xpZGVzaG93IjoiMWYzNzhmNCJ9\" href='http:\/\/bursatentebranda.com\/tr\/wp-content\/uploads\/2019\/02\/yuvarlak_karpuz_tente_3.jpg'><img width=\"430\" height=\"323\" src=\"http:\/\/bursatentebranda.com\/tr\/wp-content\/uploads\/2019\/02\/yuvarlak_karpuz_tente_3.jpg\" class=\"attachment-large size-large\" alt=\"\" srcset=\"http:\/\/bursatentebranda.com\/tr\/wp-content\/uploads\/2019\/02\/yuvarlak_karpuz_tente_3.jpg 430w, http:\/\/bursatentebranda.com\/tr\/wp-content\/uploads\/2019\/02\/yuvarlak_karpuz_tente_3-300x225.jpg 300w\" sizes=\"(max-width: 430px) 100vw, 430px\" \/><\/a>\n\t\t\t<\/div><\/figure><figure class='gallery-item'>\n\t\t\t<div class='gallery-icon landscape'>\n\t\t\t\t<a data-elementor-open-lightbox=\"yes\" data-elementor-lightbox-slideshow=\"1f378f4\" data-elementor-lightbox-title=\"yuvarlak_karpuz_tente_4\" data-elementor-lightbox-description=\"\t\t\t\t\t\t\" data-e-action-hash=\"#elementor-action%3Aaction%3Dlightbox%26settings%3DeyJpZCI6MTE4OCwidXJsIjoiaHR0cDpcL1wvYnVyc2F0ZW50ZWJyYW5kYS5jb21cL3RyXC93cC1jb250ZW50XC91cGxvYWRzXC8yMDE5XC8wMlwveXV2YXJsYWtfa2FycHV6X3RlbnRlXzQuanBnIiwic2xpZGVzaG93IjoiMWYzNzhmNCJ9\" href='http:\/\/bursatentebranda.com\/tr\/wp-content\/uploads\/2019\/02\/yuvarlak_karpuz_tente_4.jpg'><img loading=\"lazy\" width=\"430\" height=\"323\" src=\"http:\/\/bursatentebranda.com\/tr\/wp-content\/uploads\/2019\/02\/yuvarlak_karpuz_tente_4.jpg\" class=\"attachment-large size-large\" alt=\"\" srcset=\"http:\/\/bursatentebranda.com\/tr\/wp-content\/uploads\/2019\/02\/yuvarlak_karpuz_tente_4.jpg 430w, http:\/\/bursatentebranda.com\/tr\/wp-content\/uploads\/2019\/02\/yuvarlak_karpuz_tente_4-300x225.jpg 300w\" sizes=\"(max-width: 430px) 100vw, 430px\" \/><\/a>\n\t\t\t<\/div><\/figure><figure class='gallery-item'>\n\t\t\t<div class='gallery-icon landscape'>\n\t\t\t\t<a data-elementor-open-lightbox=\"yes\" data-elementor-lightbox-slideshow=\"1f378f4\" data-elementor-lightbox-title=\"yuvarlak_karpuz_tente_5\" data-elementor-lightbox-description=\"\t\t\t\t\t\t\" data-e-action-hash=\"#elementor-action%3Aaction%3Dlightbox%26settings%3DeyJpZCI6MTE4OSwidXJsIjoiaHR0cDpcL1wvYnVyc2F0ZW50ZWJyYW5kYS5jb21cL3RyXC93cC1jb250ZW50XC91cGxvYWRzXC8yMDE5XC8wMlwveXV2YXJsYWtfa2FycHV6X3RlbnRlXzUuanBnIiwic2xpZGVzaG93IjoiMWYzNzhmNCJ9\" href='http:\/\/bursatentebranda.com\/tr\/wp-content\/uploads\/2019\/02\/yuvarlak_karpuz_tente_5.jpg'><img loading=\"lazy\" width=\"430\" height=\"323\" src=\"http:\/\/bursatentebranda.com\/tr\/wp-content\/uploads\/2019\/02\/yuvarlak_karpuz_tente_5.jpg\" class=\"attachment-large size-large\" alt=\"\" srcset=\"http:\/\/bursatentebranda.com\/tr\/wp-content\/uploads\/2019\/02\/yuvarlak_karpuz_tente_5.jpg 430w, http:\/\/bursatentebranda.com\/tr\/wp-content\/uploads\/2019\/02\/yuvarlak_karpuz_tente_5-300x225.jpg 300w\" sizes=\"(max-width: 430px) 100vw, 430px\" \/><\/a>\n\t\t\t<\/div><\/figure><figure class='gallery-item'>\n\t\t\t<div class='gallery-icon landscape'>\n\t\t\t\t<a data-elementor-open-lightbox=\"yes\" data-elementor-lightbox-slideshow=\"1f378f4\" data-elementor-lightbox-title=\"yuvarlak_karpuz_tente_7\" data-elementor-lightbox-description=\"\t\t\t\t\t\t\" data-e-action-hash=\"#elementor-action%3Aaction%3Dlightbox%26settings%3DeyJpZCI6MTk0LCJ1cmwiOiJodHRwOlwvXC9idXJzYXRlbnRlYnJhbmRhLmNvbVwvdHJcL3dwLWNvbnRlbnRcL3VwbG9hZHNcLzIwMTlcLzAyXC95dXZhcmxha19rYXJwdXpfdGVudGVfNy5qcGciLCJzbGlkZXNob3ciOiIxZjM3OGY0In0%3D\" href='http:\/\/bursatentebranda.com\/tr\/wp-content\/uploads\/2019\/02\/yuvarlak_karpuz_tente_7.jpg'><img loading=\"lazy\" width=\"430\" height=\"323\" src=\"http:\/\/bursatentebranda.com\/tr\/wp-content\/uploads\/2019\/02\/yuvarlak_karpuz_tente_7.jpg\" class=\"attachment-large size-large\" alt=\"\" srcset=\"http:\/\/bursatentebranda.com\/tr\/wp-content\/uploads\/2019\/02\/yuvarlak_karpuz_tente_7.jpg 430w, http:\/\/bursatentebranda.com\/tr\/wp-content\/uploads\/2019\/02\/yuvarlak_karpuz_tente_7-300x225.jpg 300w\" sizes=\"(max-width: 430px) 100vw, 430px\" \/><\/a>\n\t\t\t<\/div><\/figure>\n\t\t<\/div>\n\t\t<\/div>\n\t\t\t\t\t\t<\/div>\n\t\t\t\t<\/div>\n\t\t\t\t\t<\/div>\n\t\t\t\t<\/div>\n\t\t<div class=\"elementor-element elementor-element-b033d36 e-flex e-con-boxed wpr-particle-no wpr-jarallax-no wpr-parallax-no wpr-sticky-section-no e-con e-parent\" data-id=\"b033d36\" data-element_type=\"container\">\n\t\t\t\t\t<div class=\"e-con-inner\">\n\t\t\t\t<div class=\"elementor-element elementor-element-a7fb49a elementor-widget elementor-widget-text-editor\" data-id=\"a7fb49a\" data-element_type=\"widget\" data-widget_type=\"text-editor.default\">\n\t\t\t\t<div class=\"elementor-widget-container\">\n\t\t\t\t\t\t\t\t\t<h2 class=\"\" data-start=\"241\" data-end=\"318\">Yuvarlak Karpuz Tente: Estetik ve Fonksiyonelli\u011fi Bulu\u015fturan G\u00f6lgelendirme<\/h2>\n<p class=\"\" data-start=\"320\" data-end=\"646\">Mekan\u0131n\u0131za hem estetik bir dokunu\u015f hem de fonksiyonel g\u00f6lgelendirme ar\u0131yorsan\u0131z, <strong data-start=\"401\" data-end=\"429\">yuvarlak karpuz tenteler<\/strong> sizin i\u00e7in ideal bir \u00e7\u00f6z\u00fcmd\u00fcr. \u00d6zellikle i\u015fletme giri\u015flerinde, vitrinlerde, pencere \u00fcstlerinde ve balkonlarda s\u0131k\u00e7a tercih edilen bu tente modeli, ad\u0131n\u0131 t\u0131pk\u0131 dilimlenmi\u015f bir karpuzu and\u0131ran k\u0131vr\u0131ml\u0131 formundan al\u0131r.<\/p>\n<p class=\"\" data-start=\"648\" data-end=\"783\"><strong data-start=\"648\" data-end=\"672\">Bursatentebranda.com<\/strong> olarak, Bursa&#8217;da <strong data-start=\"690\" data-end=\"715\">yuvarlak karpuz tente<\/strong> sistemlerinde \u015f\u0131k tasar\u0131mlar ve kaliteli \u00fcretimle hizmet veriyoruz.<\/p>\n<hr class=\"\" data-start=\"785\" data-end=\"788\" \/>\n<h3 class=\"\" data-start=\"790\" data-end=\"822\">Yuvarlak Karpuz Tente Nedir?<\/h3>\n<p class=\"\" data-start=\"824\" data-end=\"1095\">Yuvarlak karpuz tenteler, yar\u0131m daire veya \u00e7eyrek daire bi\u00e7iminde tasarlanan, g\u00f6lgelendirme sa\u011flarken ayn\u0131 zamanda estetik bir g\u00f6r\u00fcn\u00fcm sunan tente sistemleridir. Genellikle sabit olarak monte edilir, ancak iste\u011fe ba\u011fl\u0131 olarak a\u00e7\u0131l\u0131r-kapan\u0131r mekanizma ile de \u00fcretilebilir.<\/p>\n<p class=\"\" data-start=\"1097\" data-end=\"1215\">Ticari alanlarda <strong data-start=\"1114\" data-end=\"1151\">dikkat \u00e7ekici bir vitrin g\u00f6r\u00fcn\u00fcm\u00fc<\/strong> sunarken, konutlarda da <strong data-start=\"1176\" data-end=\"1195\">klasik ve zarif<\/strong> bir hava olu\u015fturur.<\/p>\n<hr class=\"\" data-start=\"1217\" data-end=\"1220\" \/>\n<h3 class=\"\" data-start=\"1222\" data-end=\"1243\">Kullan\u0131m Alanlar\u0131<\/h3>\n<ul data-start=\"1245\" data-end=\"1441\">\n<li class=\"\" data-start=\"1245\" data-end=\"1283\">\n<p class=\"\" data-start=\"1247\" data-end=\"1283\">\ud83c\udfea <strong data-start=\"1250\" data-end=\"1281\">Ma\u011faza ve d\u00fckkan vitrinleri<\/strong><\/p>\n<\/li>\n<li class=\"\" data-start=\"1284\" data-end=\"1320\">\n<p class=\"\" data-start=\"1286\" data-end=\"1320\">\u2615 <strong data-start=\"1288\" data-end=\"1318\">Kafe ve restoran giri\u015fleri<\/strong><\/p>\n<\/li>\n<li class=\"\" data-start=\"1321\" data-end=\"1359\">\n<p class=\"\" data-start=\"1323\" data-end=\"1359\">\ud83c\udfe1 <strong data-start=\"1326\" data-end=\"1357\">Ev pencereleri ve balkonlar<\/strong><\/p>\n<\/li>\n<li class=\"\" data-start=\"1360\" data-end=\"1404\">\n<p class=\"\" data-start=\"1362\" data-end=\"1404\">\ud83c\udfe8 <strong data-start=\"1365\" data-end=\"1402\">Otel giri\u015fleri ve otopark \u00fcstleri<\/strong><\/p>\n<\/li>\n<li class=\"\" data-start=\"1405\" data-end=\"1441\">\n<p class=\"\" data-start=\"1407\" data-end=\"1441\">\ud83e\uddc1 <strong data-start=\"1410\" data-end=\"1441\">Pastane ve butik i\u015fletmeler<\/strong><\/p>\n<\/li>\n<\/ul>\n<hr class=\"\" data-start=\"1443\" data-end=\"1446\" \/>\n<h3 class=\"\" data-start=\"1448\" data-end=\"1485\">Yuvarlak Karpuz Tente \u00d6zellikleri<\/h3>\n<ul data-start=\"1487\" data-end=\"1902\">\n<li class=\"\" data-start=\"1487\" data-end=\"1552\">\n<p class=\"\" data-start=\"1489\" data-end=\"1552\">\u2705 <strong data-start=\"1491\" data-end=\"1509\">G\u00f6rsel estetik<\/strong>: Mek\u00e2na klasik ve \u00e7ekici bir hava katar.<\/p>\n<\/li>\n<li class=\"\" data-start=\"1553\" data-end=\"1639\">\n<p class=\"\" data-start=\"1555\" data-end=\"1639\">\u2705 <strong data-start=\"1557\" data-end=\"1575\">Dayan\u0131kl\u0131 yap\u0131<\/strong>: Metal g\u00f6vde ve kaliteli branda kuma\u015fla uzun \u00f6m\u00fcrl\u00fc kullan\u0131m.<\/p>\n<\/li>\n<li class=\"\" data-start=\"1640\" data-end=\"1719\">\n<p class=\"\" data-start=\"1642\" data-end=\"1719\">\u2705 <strong data-start=\"1644\" data-end=\"1670\">Renk ve desen se\u00e7ene\u011fi<\/strong>: \u0130\u015fletme kimli\u011fine uygun renk ve bask\u0131 imkan\u0131.<\/p>\n<\/li>\n<li class=\"\" data-start=\"1720\" data-end=\"1763\">\n<p class=\"\" data-start=\"1722\" data-end=\"1763\">\u2705 <strong data-start=\"1724\" data-end=\"1761\">Suya ve g\u00fcne\u015fe dayan\u0131kl\u0131 kuma\u015flar<\/strong><\/p>\n<\/li>\n<li class=\"\" data-start=\"1764\" data-end=\"1809\">\n<p class=\"\" data-start=\"1766\" data-end=\"1809\">\u2705 <strong data-start=\"1768\" data-end=\"1807\">Logo veya marka bask\u0131s\u0131 yap\u0131labilir<\/strong><\/p>\n<\/li>\n<li class=\"\" data-start=\"1810\" data-end=\"1856\">\n<p class=\"\" data-start=\"1812\" data-end=\"1856\">\u2705 <strong data-start=\"1814\" data-end=\"1854\">Sabit ya da a\u00e7\u0131l\u0131r model se\u00e7enekleri<\/strong><\/p>\n<\/li>\n<li class=\"\" data-start=\"1857\" data-end=\"1902\">\n<p class=\"\" data-start=\"1859\" data-end=\"1902\">\u2705 <strong data-start=\"1861\" data-end=\"1902\">Kolay temizlenebilir branda malzemesi<\/strong><\/p>\n<\/li>\n<\/ul>\n<hr class=\"\" data-start=\"1904\" data-end=\"1907\" \/>\n<h3 class=\"\" data-start=\"1909\" data-end=\"1943\">Neden Bizi Tercih Etmelisiniz?<\/h3>\n<p class=\"\" data-start=\"1945\" data-end=\"2193\"><strong data-start=\"1945\" data-end=\"1969\">Bursatentebranda.com<\/strong> olarak, her biri \u00f6zel \u00f6l\u00e7\u00fclerde ve ihtiya\u00e7lara uygun \u015fekilde \u00fcretilen <strong data-start=\"2040\" data-end=\"2068\">yuvarlak karpuz tenteler<\/strong> ile mek\u00e2nlar\u0131n\u0131za estetik ve i\u015flev kazand\u0131r\u0131yoruz. Bursa genelinde profesyonel ke\u015fif, tasar\u0131m ve montaj hizmeti sunmaktay\u0131z.<\/p>\n<p class=\"\" data-start=\"2195\" data-end=\"2216\">Sundu\u011fumuz hizmetler:<\/p>\n<ul data-start=\"2218\" data-end=\"2420\">\n<li class=\"\" data-start=\"2218\" data-end=\"2252\">\n<p class=\"\" data-start=\"2220\" data-end=\"2252\">\ud83d\udcd0 \u00dccretsiz ke\u015fif ve \u00f6l\u00e7\u00fc alma<\/p>\n<\/li>\n<li class=\"\" data-start=\"2253\" data-end=\"2300\">\n<p class=\"\" data-start=\"2255\" data-end=\"2300\">\ud83c\udfa8 Renk, desen ve kuma\u015f se\u00e7imi dan\u0131\u015fmanl\u0131\u011f\u0131<\/p>\n<\/li>\n<li class=\"\" data-start=\"2301\" data-end=\"2344\">\n<p class=\"\" data-start=\"2303\" data-end=\"2344\">\ud83d\udd27 Dayan\u0131kl\u0131 iskelet ve kaliteli montaj<\/p>\n<\/li>\n<li class=\"\" data-start=\"2345\" data-end=\"2381\">\n<p class=\"\" data-start=\"2347\" data-end=\"2381\">\ud83e\uddfc Kolay bak\u0131m ve servis deste\u011fi<\/p>\n<\/li>\n<li class=\"\" data-start=\"2382\" data-end=\"2420\">\n<p class=\"\" data-start=\"2384\" data-end=\"2420\">\ud83d\udda8\ufe0f \u0130ste\u011fe g\u00f6re firma logosu bask\u0131s\u0131<\/p>\n<\/li>\n<\/ul>\n<hr class=\"\" data-start=\"2422\" data-end=\"2425\" \/>\n<h2 class=\"\" data-start=\"2427\" data-end=\"2454\">Mek\u00e2n\u0131n\u0131za \u015e\u0131kl\u0131k Kat\u0131n!<\/h2>\n<p class=\"\" data-start=\"2456\" data-end=\"2654\">Yuvarlak karpuz tenteler ile hem g\u00fcne\u015ften ve ya\u011fmurdan korunabilir hem de d\u0131\u015f cephe esteti\u011finizi art\u0131rabilirsiniz. Siz de i\u015fletmenize veya evinize de\u011fer katmak istiyorsan\u0131z, bizimle ileti\u015fime ge\u00e7in.<\/p>\n<p class=\"\" data-start=\"2656\" data-end=\"2766\">\ud83d\udcde <strong data-start=\"2659\" data-end=\"2672\">\u0130leti\u015fim: <\/strong><a href=\"tel:05366533462\">0536 653 34 62<\/a><\/p>\n<p class=\"\" data-start=\"2656\" data-end=\"2766\">\ud83c\udf10 <strong data-start=\"2698\" data-end=\"2706\">Web:<\/strong> <a class=\"\" href=\"http:\/\/www.bursatentebranda.com\" target=\"_new\" rel=\"noopener\" data-start=\"2707\" data-end=\"2766\">www.bursatentebranda.com<\/a><\/p>\n<hr class=\"\" data-start=\"2768\" data-end=\"2771\" \/>\n<p class=\"\" data-start=\"2773\" data-end=\"2961\">\u00a0<\/p>\t\t\t\t\t\t\t\t<\/div>\n\t\t\t\t<\/div>\n\t\t\t\t\t<\/div>\n\t\t\t\t<\/div>\n\t\t\t\t<\/div>\n\t\t","protected":false},"excerpt":{"rendered":"<p>BURSA TENTE BRANDA \u00c7ADIR Tel: 0224 251 82 23 &#8211; Gsm: 0536 653 34 62 &#8211; Gsm: 0531 200 44 84 KARPUZ YUVARLAK TENTE 20&#215;20 profil aksam\u0131yla olu\u015fup her demire kavis verilerek yap\u0131lan bir tente \u00e7e\u015fididir. Genel olarak kullan\u0131m amac\u0131 d\u0131\u015f cepheye g\u00fczel bir g\u00f6r\u00fcnt\u00fc kazand\u0131rmakt\u0131r. Yuvarlak Karpuz Tente: Estetik ve Fonksiyonelli\u011fi Bulu\u015fturan G\u00f6lgelendirme Mekan\u0131n\u0131za hem estetik bir dokunu\u015f hem de fonksiyonel g\u00f6lgelendirme ar\u0131yorsan\u0131z, yuvarlak karpuz tenteler sizin i\u00e7in ideal bir \u00e7\u00f6z\u00fcmd\u00fcr. \u00d6zellikle i\u015fletme giri\u015flerinde, vitrinlerde, pencere \u00fcstlerinde ve balkonlarda s\u0131k\u00e7a tercih edilen bu tente modeli, ad\u0131n\u0131 t\u0131pk\u0131 dilimlenmi\u015f bir karpuzu and\u0131ran k\u0131vr\u0131ml\u0131 formundan al\u0131r. Bursatentebranda.com olarak, Bursa&#8217;da yuvarlak karpuz tente sistemlerinde \u015f\u0131k tasar\u0131mlar ve kaliteli \u00fcretimle hizmet veriyoruz. Yuvarlak Karpuz Tente Nedir? Yuvarlak karpuz tenteler, yar\u0131m daire veya \u00e7eyrek daire bi\u00e7iminde tasarlanan, g\u00f6lgelendirme sa\u011flarken ayn\u0131 zamanda estetik bir g\u00f6r\u00fcn\u00fcm sunan tente sistemleridir. Genellikle sabit olarak monte edilir, ancak iste\u011fe ba\u011fl\u0131 olarak a\u00e7\u0131l\u0131r-kapan\u0131r mekanizma ile de \u00fcretilebilir. Ticari alanlarda dikkat \u00e7ekici bir vitrin g\u00f6r\u00fcn\u00fcm\u00fc sunarken, konutlarda da klasik ve zarif bir hava olu\u015fturur. Kullan\u0131m Alanlar\u0131 \ud83c\udfea Ma\u011faza ve d\u00fckkan vitrinleri \u2615 Kafe ve restoran giri\u015fleri \ud83c\udfe1 Ev pencereleri ve balkonlar \ud83c\udfe8 Otel giri\u015fleri ve otopark \u00fcstleri \ud83e\uddc1 Pastane ve butik i\u015fletmeler Yuvarlak Karpuz Tente \u00d6zellikleri \u2705 G\u00f6rsel estetik: Mek\u00e2na klasik ve \u00e7ekici bir hava katar. \u2705 Dayan\u0131kl\u0131 yap\u0131: Metal g\u00f6vde ve kaliteli branda kuma\u015fla uzun \u00f6m\u00fcrl\u00fc kullan\u0131m. \u2705 Renk ve desen se\u00e7ene\u011fi: \u0130\u015fletme kimli\u011fine uygun renk ve bask\u0131 imkan\u0131. \u2705 Suya ve g\u00fcne\u015fe dayan\u0131kl\u0131 kuma\u015flar \u2705 Logo veya marka bask\u0131s\u0131 yap\u0131labilir \u2705 Sabit ya da a\u00e7\u0131l\u0131r model se\u00e7enekleri \u2705 Kolay temizlenebilir branda malzemesi Neden Bizi Tercih Etmelisiniz? Bursatentebranda.com olarak, her biri \u00f6zel \u00f6l\u00e7\u00fclerde ve ihtiya\u00e7lara uygun \u015fekilde \u00fcretilen yuvarlak karpuz tenteler ile mek\u00e2nlar\u0131n\u0131za estetik ve i\u015flev kazand\u0131r\u0131yoruz. Bursa genelinde profesyonel ke\u015fif, tasar\u0131m ve montaj hizmeti sunmaktay\u0131z. Sundu\u011fumuz hizmetler: \ud83d\udcd0 \u00dccretsiz ke\u015fif ve \u00f6l\u00e7\u00fc alma \ud83c\udfa8 Renk, desen ve kuma\u015f se\u00e7imi dan\u0131\u015fmanl\u0131\u011f\u0131 \ud83d\udd27 Dayan\u0131kl\u0131 iskelet ve kaliteli montaj \ud83e\uddfc Kolay bak\u0131m ve servis deste\u011fi \ud83d\udda8\ufe0f \u0130ste\u011fe g\u00f6re firma logosu bask\u0131s\u0131 Mek\u00e2n\u0131n\u0131za \u015e\u0131kl\u0131k Kat\u0131n! Yuvarlak karpuz tenteler ile hem g\u00fcne\u015ften ve ya\u011fmurdan korunabilir hem de d\u0131\u015f cephe esteti\u011finizi art\u0131rabilirsiniz. Siz de i\u015fletmenize veya evinize de\u011fer katmak istiyorsan\u0131z, bizimle ileti\u015fime ge\u00e7in. \ud83d\udcde \u0130leti\u015fim: 0536 653 34 62 \ud83c\udf10 Web: www.bursatentebranda.com \u00a0<\/p>\n","protected":false},"author":1,"featured_media":1185,"parent":0,"menu_order":0,"comment_status":"open","ping_status":"closed","template":"elementor_header_footer","meta":{"_kadence_starter_templates_imported_post":false,"_kad_post_transparent":"","_kad_post_title":"","_kad_post_layout":"","_kad_post_sidebar_id":"","_kad_post_content_style":"","_kad_post_vertical_padding":"","_kad_post_feature":"","_kad_post_feature_position":"","_kad_post_header":false,"_kad_post_footer":false,"footnotes":""},"class_list":["post-1193","page","type-page","status-publish","has-post-thumbnail","hentry"],"_links":{"self":[{"href":"http:\/\/bursatentebranda.com\/tr\/wp-json\/wp\/v2\/pages\/1193","targetHints":{"allow":["GET"]}}],"collection":[{"href":"http:\/\/bursatentebranda.com\/tr\/wp-json\/wp\/v2\/pages"}],"about":[{"href":"http:\/\/bursatentebranda.com\/tr\/wp-json\/wp\/v2\/types\/page"}],"author":[{"embeddable":true,"href":"http:\/\/bursatentebranda.com\/tr\/wp-json\/wp\/v2\/users\/1"}],"replies":[{"embeddable":true,"href":"http:\/\/bursatentebranda.com\/tr\/wp-json\/wp\/v2\/comments?post=1193"}],"version-history":[{"count":12,"href":"http:\/\/bursatentebranda.com\/tr\/wp-json\/wp\/v2\/pages\/1193\/revisions"}],"predecessor-version":[{"id":1382,"href":"http:\/\/bursatentebranda.com\/tr\/wp-json\/wp\/v2\/pages\/1193\/revisions\/1382"}],"wp:featuredmedia":[{"embeddable":true,"href":"http:\/\/bursatentebranda.com\/tr\/wp-json\/wp\/v2\/media\/1185"}],"wp:attachment":[{"href":"http:\/\/bursatentebranda.com\/tr\/wp-json\/wp\/v2\/media?parent=1193"}],"curies":[{"name":"wp","href":"https:\/\/api.w.org\/{rel}","templated":true}]}}