{"id":152,"date":"2019-02-03T16:08:20","date_gmt":"2019-02-03T13:08:20","guid":{"rendered":"http:\/\/bursatentebranda.com\/tr\/?page_id=152"},"modified":"2025-05-17T11:07:06","modified_gmt":"2025-05-17T08:07:06","slug":"koruklu-tenteler","status":"publish","type":"page","link":"http:\/\/bursatentebranda.com\/tr\/koruklu-tenteler\/","title":{"rendered":"K\u00d6R\u00dcKL\u00dc TENTELER"},"content":{"rendered":"\t\t<div data-elementor-type=\"wp-page\" data-elementor-id=\"152\" class=\"elementor elementor-152\">\n\t\t\t\t<div class=\"elementor-element elementor-element-231e4c6 e-flex e-con-boxed wpr-particle-no wpr-jarallax-no wpr-parallax-no wpr-sticky-section-no e-con e-parent\" data-id=\"231e4c6\" data-element_type=\"container\" data-settings=\"{&quot;background_background&quot;:&quot;classic&quot;}\">\n\t\t\t\t\t<div class=\"e-con-inner\">\n\t\t\t\t<div class=\"elementor-element elementor-element-d2f33fc elementor-widget elementor-widget-heading\" data-id=\"d2f33fc\" data-element_type=\"widget\" data-widget_type=\"heading.default\">\n\t\t\t\t<div class=\"elementor-widget-container\">\n\t\t\t\t\t<h2 class=\"elementor-heading-title elementor-size-default\">BURSA TENTE BRANDA \u00c7ADIR<\/h2>\t\t\t\t<\/div>\n\t\t\t\t<\/div>\n\t\t\t\t<div class=\"elementor-element elementor-element-51cc114 elementor-widget elementor-widget-heading\" data-id=\"51cc114\" data-element_type=\"widget\" data-widget_type=\"heading.default\">\n\t\t\t\t<div class=\"elementor-widget-container\">\n\t\t\t\t\t<h5 class=\"elementor-heading-title elementor-size-default\">Tel: 0224 251 82 23 - Gsm: 0536 653 34 62 - Gsm: 0531 200 44 84\n<\/h5>\t\t\t\t<\/div>\n\t\t\t\t<\/div>\n\t\t\t\t\t<\/div>\n\t\t\t\t<\/div>\n\t\t<div class=\"elementor-element elementor-element-e17ea86 e-flex e-con-boxed wpr-particle-no wpr-jarallax-no wpr-parallax-no wpr-sticky-section-no e-con e-parent\" data-id=\"e17ea86\" data-element_type=\"container\">\n\t\t\t\t\t<div class=\"e-con-inner\">\n\t\t\t\t<div class=\"elementor-element elementor-element-9c7e527 elementor-widget elementor-widget-heading\" data-id=\"9c7e527\" data-element_type=\"widget\" data-widget_type=\"heading.default\">\n\t\t\t\t<div class=\"elementor-widget-container\">\n\t\t\t\t\t<h4 class=\"elementor-heading-title elementor-size-default\">K\u00d6R\u00dcKL\u00dc TENTELER<\/h4>\t\t\t\t<\/div>\n\t\t\t\t<\/div>\n\t\t\t\t<div class=\"elementor-element elementor-element-970741d elementor-widget elementor-widget-text-editor\" data-id=\"970741d\" data-element_type=\"widget\" data-widget_type=\"text-editor.default\">\n\t\t\t\t<div class=\"elementor-widget-container\">\n\t\t\t\t\t\t\t\t\t<div class=\"wrap mcb-wrap one valign-top clearfix\"><div class=\"mcb-wrap-inner\"><div class=\"column mcb-column one column_list \"><div class=\"list_item lists_1 clearfix\"><div class=\"animate fadeInUp\" data-anim-type=\"fadeInUp\"><div class=\"list_right\"><div class=\"desc\"><div class=\"wrap mcb-wrap one  valign-top clearfix\"><div class=\"mcb-wrap-inner\"><div class=\"column mcb-column one column_list \"><div class=\"list_item lists_1 clearfix\"><div class=\"animate fadeInUp\" data-anim-type=\"fadeInUp\"><div class=\"list_right\"><div class=\"desc\"><b>15.25 profil aksam\u0131yla olu\u015fup k\u00f6\u015felere kavis verilerek yap\u0131lan bir tente \u00e7e\u015fididir. Genel olarak kullan\u0131m amac\u0131 g\u00fcne\u015f ve ya\u011fmurdan korumakt\u0131r.<\/b><\/div><\/div><\/div><\/div><\/div><\/div><\/div><\/div><\/div><\/div><\/div><\/div><\/div><\/div>\t\t\t\t\t\t\t\t<\/div>\n\t\t\t\t<\/div>\n\t\t\t\t\t<\/div>\n\t\t\t\t<\/div>\n\t\t<div class=\"elementor-element elementor-element-8dbbdd6 e-flex e-con-boxed wpr-particle-no wpr-jarallax-no wpr-parallax-no wpr-sticky-section-no e-con e-parent\" data-id=\"8dbbdd6\" data-element_type=\"container\">\n\t\t\t\t\t<div class=\"e-con-inner\">\n\t\t\t\t<div class=\"elementor-element elementor-element-7d2d247 elementor-widget elementor-widget-image-gallery\" data-id=\"7d2d247\" data-element_type=\"widget\" data-widget_type=\"image-gallery.default\">\n\t\t\t\t<div class=\"elementor-widget-container\">\n\t\t\t\t\t\t\t<div class=\"elementor-image-gallery\">\n\t\t\t<div id='gallery-1' class='gallery galleryid-152 gallery-columns-4 gallery-size-medium'><figure class='gallery-item'>\n\t\t\t<div class='gallery-icon landscape'>\n\t\t\t\t<a data-elementor-open-lightbox=\"yes\" data-elementor-lightbox-slideshow=\"7d2d247\" data-elementor-lightbox-title=\"koruk (1)\" data-elementor-lightbox-description=\"\t\t\t\t\t\t\" data-e-action-hash=\"#elementor-action%3Aaction%3Dlightbox%26settings%3DeyJpZCI6MTUzLCJ1cmwiOiJodHRwczpcL1wvYnVyc2F0ZW50ZWJyYW5kYS5jb21cL3RyXC93cC1jb250ZW50XC91cGxvYWRzXC8yMDE5XC8wMlwva29ydWstMS5qcGciLCJzbGlkZXNob3ciOiI3ZDJkMjQ3In0%3D\" href='https:\/\/bursatentebranda.com\/tr\/wp-content\/uploads\/2019\/02\/koruk-1.jpg'><img fetchpriority=\"high\" width=\"300\" height=\"225\" src=\"https:\/\/bursatentebranda.com\/tr\/wp-content\/uploads\/2019\/02\/koruk-1-300x225.jpg\" class=\"attachment-medium size-medium\" alt=\"\" srcset=\"https:\/\/bursatentebranda.com\/tr\/wp-content\/uploads\/2019\/02\/koruk-1-300x225.jpg 300w, https:\/\/bursatentebranda.com\/tr\/wp-content\/uploads\/2019\/02\/koruk-1.jpg 430w\" sizes=\"(max-width: 300px) 100vw, 300px\" \/><\/a>\n\t\t\t<\/div><\/figure><figure class='gallery-item'>\n\t\t\t<div class='gallery-icon landscape'>\n\t\t\t\t<a data-elementor-open-lightbox=\"yes\" data-elementor-lightbox-slideshow=\"7d2d247\" data-elementor-lightbox-title=\"koruk (9)\" data-elementor-lightbox-description=\"\t\t\t\t\t\t\" data-e-action-hash=\"#elementor-action%3Aaction%3Dlightbox%26settings%3DeyJpZCI6MTYxLCJ1cmwiOiJodHRwczpcL1wvYnVyc2F0ZW50ZWJyYW5kYS5jb21cL3RyXC93cC1jb250ZW50XC91cGxvYWRzXC8yMDE5XC8wMlwva29ydWstOS5qcGciLCJzbGlkZXNob3ciOiI3ZDJkMjQ3In0%3D\" href='https:\/\/bursatentebranda.com\/tr\/wp-content\/uploads\/2019\/02\/koruk-9.jpg'><img width=\"300\" height=\"225\" src=\"https:\/\/bursatentebranda.com\/tr\/wp-content\/uploads\/2019\/02\/koruk-9-300x225.jpg\" class=\"attachment-medium size-medium\" alt=\"\" srcset=\"https:\/\/bursatentebranda.com\/tr\/wp-content\/uploads\/2019\/02\/koruk-9-300x225.jpg 300w, https:\/\/bursatentebranda.com\/tr\/wp-content\/uploads\/2019\/02\/koruk-9.jpg 430w\" sizes=\"(max-width: 300px) 100vw, 300px\" \/><\/a>\n\t\t\t<\/div><\/figure><figure class='gallery-item'>\n\t\t\t<div class='gallery-icon landscape'>\n\t\t\t\t<a data-elementor-open-lightbox=\"yes\" data-elementor-lightbox-slideshow=\"7d2d247\" data-elementor-lightbox-title=\"koruk (2)\" data-elementor-lightbox-description=\"\t\t\t\t\t\t\" data-e-action-hash=\"#elementor-action%3Aaction%3Dlightbox%26settings%3DeyJpZCI6MTU0LCJ1cmwiOiJodHRwczpcL1wvYnVyc2F0ZW50ZWJyYW5kYS5jb21cL3RyXC93cC1jb250ZW50XC91cGxvYWRzXC8yMDE5XC8wMlwva29ydWstMi5qcGciLCJzbGlkZXNob3ciOiI3ZDJkMjQ3In0%3D\" href='https:\/\/bursatentebranda.com\/tr\/wp-content\/uploads\/2019\/02\/koruk-2.jpg'><img width=\"300\" height=\"225\" src=\"https:\/\/bursatentebranda.com\/tr\/wp-content\/uploads\/2019\/02\/koruk-2-300x225.jpg\" class=\"attachment-medium size-medium\" alt=\"\" srcset=\"https:\/\/bursatentebranda.com\/tr\/wp-content\/uploads\/2019\/02\/koruk-2-300x225.jpg 300w, https:\/\/bursatentebranda.com\/tr\/wp-content\/uploads\/2019\/02\/koruk-2.jpg 430w\" sizes=\"(max-width: 300px) 100vw, 300px\" \/><\/a>\n\t\t\t<\/div><\/figure><figure class='gallery-item'>\n\t\t\t<div class='gallery-icon landscape'>\n\t\t\t\t<a data-elementor-open-lightbox=\"yes\" data-elementor-lightbox-slideshow=\"7d2d247\" data-elementor-lightbox-title=\"koruk (3)\" data-elementor-lightbox-description=\"\t\t\t\t\t\t\" data-e-action-hash=\"#elementor-action%3Aaction%3Dlightbox%26settings%3DeyJpZCI6MTU1LCJ1cmwiOiJodHRwczpcL1wvYnVyc2F0ZW50ZWJyYW5kYS5jb21cL3RyXC93cC1jb250ZW50XC91cGxvYWRzXC8yMDE5XC8wMlwva29ydWstMy5qcGciLCJzbGlkZXNob3ciOiI3ZDJkMjQ3In0%3D\" href='https:\/\/bursatentebranda.com\/tr\/wp-content\/uploads\/2019\/02\/koruk-3.jpg'><img loading=\"lazy\" width=\"300\" height=\"225\" src=\"https:\/\/bursatentebranda.com\/tr\/wp-content\/uploads\/2019\/02\/koruk-3-300x225.jpg\" class=\"attachment-medium size-medium\" alt=\"\" srcset=\"https:\/\/bursatentebranda.com\/tr\/wp-content\/uploads\/2019\/02\/koruk-3-300x225.jpg 300w, https:\/\/bursatentebranda.com\/tr\/wp-content\/uploads\/2019\/02\/koruk-3.jpg 430w\" sizes=\"(max-width: 300px) 100vw, 300px\" \/><\/a>\n\t\t\t<\/div><\/figure><figure class='gallery-item'>\n\t\t\t<div class='gallery-icon landscape'>\n\t\t\t\t<a data-elementor-open-lightbox=\"yes\" data-elementor-lightbox-slideshow=\"7d2d247\" data-elementor-lightbox-title=\"koruk (4)\" data-elementor-lightbox-description=\"\t\t\t\t\t\t\" data-e-action-hash=\"#elementor-action%3Aaction%3Dlightbox%26settings%3DeyJpZCI6MTU2LCJ1cmwiOiJodHRwczpcL1wvYnVyc2F0ZW50ZWJyYW5kYS5jb21cL3RyXC93cC1jb250ZW50XC91cGxvYWRzXC8yMDE5XC8wMlwva29ydWstNC5qcGciLCJzbGlkZXNob3ciOiI3ZDJkMjQ3In0%3D\" href='https:\/\/bursatentebranda.com\/tr\/wp-content\/uploads\/2019\/02\/koruk-4.jpg'><img loading=\"lazy\" width=\"300\" height=\"225\" src=\"https:\/\/bursatentebranda.com\/tr\/wp-content\/uploads\/2019\/02\/koruk-4-300x225.jpg\" class=\"attachment-medium size-medium\" alt=\"\" srcset=\"https:\/\/bursatentebranda.com\/tr\/wp-content\/uploads\/2019\/02\/koruk-4-300x225.jpg 300w, https:\/\/bursatentebranda.com\/tr\/wp-content\/uploads\/2019\/02\/koruk-4.jpg 430w\" sizes=\"(max-width: 300px) 100vw, 300px\" \/><\/a>\n\t\t\t<\/div><\/figure><figure class='gallery-item'>\n\t\t\t<div class='gallery-icon landscape'>\n\t\t\t\t<a data-elementor-open-lightbox=\"yes\" data-elementor-lightbox-slideshow=\"7d2d247\" data-elementor-lightbox-title=\"koruk (5)\" data-elementor-lightbox-description=\"\t\t\t\t\t\t\" data-e-action-hash=\"#elementor-action%3Aaction%3Dlightbox%26settings%3DeyJpZCI6MTU3LCJ1cmwiOiJodHRwczpcL1wvYnVyc2F0ZW50ZWJyYW5kYS5jb21cL3RyXC93cC1jb250ZW50XC91cGxvYWRzXC8yMDE5XC8wMlwva29ydWstNS5qcGciLCJzbGlkZXNob3ciOiI3ZDJkMjQ3In0%3D\" href='https:\/\/bursatentebranda.com\/tr\/wp-content\/uploads\/2019\/02\/koruk-5.jpg'><img loading=\"lazy\" width=\"300\" height=\"225\" src=\"https:\/\/bursatentebranda.com\/tr\/wp-content\/uploads\/2019\/02\/koruk-5-300x225.jpg\" class=\"attachment-medium size-medium\" alt=\"\" srcset=\"https:\/\/bursatentebranda.com\/tr\/wp-content\/uploads\/2019\/02\/koruk-5-300x225.jpg 300w, https:\/\/bursatentebranda.com\/tr\/wp-content\/uploads\/2019\/02\/koruk-5.jpg 430w\" sizes=\"(max-width: 300px) 100vw, 300px\" \/><\/a>\n\t\t\t<\/div><\/figure><figure class='gallery-item'>\n\t\t\t<div class='gallery-icon landscape'>\n\t\t\t\t<a data-elementor-open-lightbox=\"yes\" data-elementor-lightbox-slideshow=\"7d2d247\" data-elementor-lightbox-title=\"koruk (6)\" data-elementor-lightbox-description=\"\t\t\t\t\t\t\" data-e-action-hash=\"#elementor-action%3Aaction%3Dlightbox%26settings%3DeyJpZCI6MTU4LCJ1cmwiOiJodHRwczpcL1wvYnVyc2F0ZW50ZWJyYW5kYS5jb21cL3RyXC93cC1jb250ZW50XC91cGxvYWRzXC8yMDE5XC8wMlwva29ydWstNi5qcGciLCJzbGlkZXNob3ciOiI3ZDJkMjQ3In0%3D\" href='https:\/\/bursatentebranda.com\/tr\/wp-content\/uploads\/2019\/02\/koruk-6.jpg'><img loading=\"lazy\" width=\"300\" height=\"225\" src=\"https:\/\/bursatentebranda.com\/tr\/wp-content\/uploads\/2019\/02\/koruk-6-300x225.jpg\" class=\"attachment-medium size-medium\" alt=\"\" srcset=\"https:\/\/bursatentebranda.com\/tr\/wp-content\/uploads\/2019\/02\/koruk-6-300x225.jpg 300w, https:\/\/bursatentebranda.com\/tr\/wp-content\/uploads\/2019\/02\/koruk-6.jpg 430w\" sizes=\"(max-width: 300px) 100vw, 300px\" \/><\/a>\n\t\t\t<\/div><\/figure><figure class='gallery-item'>\n\t\t\t<div class='gallery-icon landscape'>\n\t\t\t\t<a data-elementor-open-lightbox=\"yes\" data-elementor-lightbox-slideshow=\"7d2d247\" data-elementor-lightbox-title=\"koruk (7)\" data-elementor-lightbox-description=\"\t\t\t\t\t\t\" data-e-action-hash=\"#elementor-action%3Aaction%3Dlightbox%26settings%3DeyJpZCI6MTU5LCJ1cmwiOiJodHRwczpcL1wvYnVyc2F0ZW50ZWJyYW5kYS5jb21cL3RyXC93cC1jb250ZW50XC91cGxvYWRzXC8yMDE5XC8wMlwva29ydWstNy5qcGciLCJzbGlkZXNob3ciOiI3ZDJkMjQ3In0%3D\" href='https:\/\/bursatentebranda.com\/tr\/wp-content\/uploads\/2019\/02\/koruk-7.jpg'><img loading=\"lazy\" width=\"300\" height=\"225\" src=\"https:\/\/bursatentebranda.com\/tr\/wp-content\/uploads\/2019\/02\/koruk-7-300x225.jpg\" class=\"attachment-medium size-medium\" alt=\"\" srcset=\"https:\/\/bursatentebranda.com\/tr\/wp-content\/uploads\/2019\/02\/koruk-7-300x225.jpg 300w, https:\/\/bursatentebranda.com\/tr\/wp-content\/uploads\/2019\/02\/koruk-7.jpg 430w\" sizes=\"(max-width: 300px) 100vw, 300px\" \/><\/a>\n\t\t\t<\/div><\/figure><figure class='gallery-item'>\n\t\t\t<div class='gallery-icon landscape'>\n\t\t\t\t<a data-elementor-open-lightbox=\"yes\" data-elementor-lightbox-slideshow=\"7d2d247\" data-elementor-lightbox-title=\"koruk (8)\" data-elementor-lightbox-description=\"\t\t\t\t\t\t\" data-e-action-hash=\"#elementor-action%3Aaction%3Dlightbox%26settings%3DeyJpZCI6MTYwLCJ1cmwiOiJodHRwczpcL1wvYnVyc2F0ZW50ZWJyYW5kYS5jb21cL3RyXC93cC1jb250ZW50XC91cGxvYWRzXC8yMDE5XC8wMlwva29ydWstOC5qcGciLCJzbGlkZXNob3ciOiI3ZDJkMjQ3In0%3D\" href='https:\/\/bursatentebranda.com\/tr\/wp-content\/uploads\/2019\/02\/koruk-8.jpg'><img loading=\"lazy\" width=\"300\" height=\"225\" src=\"https:\/\/bursatentebranda.com\/tr\/wp-content\/uploads\/2019\/02\/koruk-8-300x225.jpg\" class=\"attachment-medium size-medium\" alt=\"\" srcset=\"https:\/\/bursatentebranda.com\/tr\/wp-content\/uploads\/2019\/02\/koruk-8-300x225.jpg 300w, https:\/\/bursatentebranda.com\/tr\/wp-content\/uploads\/2019\/02\/koruk-8.jpg 430w\" sizes=\"(max-width: 300px) 100vw, 300px\" \/><\/a>\n\t\t\t<\/div><\/figure>\n\t\t<\/div>\n\t\t<\/div>\n\t\t\t\t\t\t<\/div>\n\t\t\t\t<\/div>\n\t\t\t\t\t<\/div>\n\t\t\t\t<\/div>\n\t\t<div class=\"elementor-element elementor-element-bde839c e-flex e-con-boxed wpr-particle-no wpr-jarallax-no wpr-parallax-no wpr-sticky-section-no e-con e-parent\" data-id=\"bde839c\" data-element_type=\"container\">\n\t\t\t\t\t<div class=\"e-con-inner\">\n\t\t\t\t<div class=\"elementor-element elementor-element-bf7db13 elementor-widget elementor-widget-text-editor\" data-id=\"bf7db13\" data-element_type=\"widget\" data-widget_type=\"text-editor.default\">\n\t\t\t\t<div class=\"elementor-widget-container\">\n\t\t\t\t\t\t\t\t\t<h2 class=\"\" data-start=\"223\" data-end=\"275\">K\u00f6r\u00fckl\u00fc Tenteler: Klasik Zarafet, Pratik Kullan\u0131m<\/h2><p class=\"\" data-start=\"277\" data-end=\"646\">A\u00e7\u0131k alanlar\u0131n\u0131z\u0131 hem estetik hem de fonksiyonel bir \u015fekilde de\u011ferlendirmek istiyorsan\u0131z, <strong data-start=\"367\" data-end=\"387\">k\u00f6r\u00fckl\u00fc tenteler<\/strong> ideal bir tercihtir. <strong data-start=\"409\" data-end=\"433\">Bursatentebranda.com<\/strong> olarak, Bursa ve \u00e7evresinde k\u00f6r\u00fckl\u00fc tente imalat\u0131, sat\u0131\u015f\u0131 ve montaj\u0131 konular\u0131nda kaliteli hizmet sunuyoruz. Geleneksel g\u00f6r\u00fcn\u00fcm\u00fc ve kullan\u0131m kolayl\u0131\u011f\u0131yla \u00f6ne \u00e7\u0131kan k\u00f6r\u00fckl\u00fc tente sistemleri, her mek\u00e2na uyum sa\u011flar.<\/p><h3 class=\"\" data-start=\"648\" data-end=\"672\">K\u00f6r\u00fckl\u00fc Tente Nedir?<\/h3><p class=\"\" data-start=\"674\" data-end=\"950\">K\u00f6r\u00fckl\u00fc tente, ad\u0131n\u0131 t\u0131pk\u0131 bir k\u00f6r\u00fck gibi a\u00e7\u0131l\u0131p kapanabilen tasar\u0131m\u0131ndan al\u0131r. Genellikle pencere ve kap\u0131 \u00fcstlerine monte edilir. Kenarlar\u0131nda yer alan hareketli iskelet sayesinde tente kuma\u015f\u0131 ileri-geri ya da yukar\u0131-a\u015fa\u011f\u0131 hareket ettirilerek istenilen a\u00e7\u0131kl\u0131k ayarlanabilir.<\/p><p class=\"\" data-start=\"952\" data-end=\"1045\">\u015e\u0131kl\u0131\u011f\u0131 ve nostaljik tasar\u0131m\u0131 ile hem evlerde hem de ticari alanlarda s\u0131kl\u0131kla tercih edilir.<\/p><h3 class=\"\" data-start=\"1047\" data-end=\"1085\">K\u00f6r\u00fckl\u00fc Tentenin Kullan\u0131m Alanlar\u0131<\/h3><ul data-start=\"1087\" data-end=\"1476\"><li class=\"\" data-start=\"1087\" data-end=\"1175\"><p class=\"\" data-start=\"1089\" data-end=\"1175\">\ud83c\udfe0 <strong data-start=\"1092\" data-end=\"1103\">Evlerde<\/strong>: Balkon, pencere ve kap\u0131 \u00fcstlerinde g\u00fcne\u015f ve ya\u011fmurdan korunmak i\u00e7in.<\/p><\/li><li class=\"\" data-start=\"1176\" data-end=\"1271\"><p class=\"\" data-start=\"1178\" data-end=\"1271\">\ud83d\udecd\ufe0f <strong data-start=\"1182\" data-end=\"1197\">Ma\u011fazalarda<\/strong>: Vitrinlerde hem g\u00f6lgelik hem de dikkat \u00e7ekici bir cephe tasar\u0131m\u0131 i\u00e7in.<\/p><\/li><li class=\"\" data-start=\"1272\" data-end=\"1366\"><p class=\"\" data-start=\"1274\" data-end=\"1366\">\u2615 <strong data-start=\"1276\" data-end=\"1289\">Kafelerde<\/strong>: Sokak cepheli alanlarda estetik bir g\u00f6r\u00fcn\u00fcm ve i\u015flevsellik sa\u011flamak i\u00e7in.<\/p><\/li><li class=\"\" data-start=\"1367\" data-end=\"1476\"><p class=\"\" data-start=\"1369\" data-end=\"1476\">\ud83c\udfe8 <strong data-start=\"1372\" data-end=\"1405\">Otel ve restoran giri\u015flerinde<\/strong>: Misafir kar\u015f\u0131lama alanlar\u0131nda dekoratif ve koruyucu bir \u00e7\u00f6z\u00fcm olarak.<\/p><\/li><\/ul><h3 class=\"\" data-start=\"1478\" data-end=\"1512\">K\u00f6r\u00fckl\u00fc Tentelerin Avantajlar\u0131<\/h3><ul data-start=\"1514\" data-end=\"1990\"><li class=\"\" data-start=\"1514\" data-end=\"1599\"><p class=\"\" data-start=\"1516\" data-end=\"1599\">\u2705 <strong data-start=\"1518\" data-end=\"1551\">Geleneksel ve estetik tasar\u0131m<\/strong>: Kavisli yap\u0131s\u0131 ile klasik bir g\u00f6r\u00fcn\u00fcm sunar.<\/p><\/li><li class=\"\" data-start=\"1600\" data-end=\"1713\"><p class=\"\" data-start=\"1602\" data-end=\"1713\">\u2705 <strong data-start=\"1604\" data-end=\"1632\">\u0130htiyaca g\u00f6re a\u00e7\u0131labilir<\/strong>: \u0130leri-geri hareketli k\u00f6r\u00fck sistemi ile istenen a\u00e7\u0131kl\u0131k kolayca ayarlanabilir.<\/p><\/li><li class=\"\" data-start=\"1714\" data-end=\"1821\"><p class=\"\" data-start=\"1716\" data-end=\"1821\">\u2705 <strong data-start=\"1718\" data-end=\"1747\">Kolay kurulum ve kullan\u0131m<\/strong>: Pratik mekanizmas\u0131 sayesinde herkes taraf\u0131ndan rahat\u00e7a kullan\u0131labilir.<\/p><\/li><li class=\"\" data-start=\"1822\" data-end=\"1892\"><p class=\"\" data-start=\"1824\" data-end=\"1892\">\u2705 <strong data-start=\"1826\" data-end=\"1841\">UV korumas\u0131<\/strong>: G\u00fcne\u015fin zararl\u0131 etkilerine kar\u015f\u0131 koruma sa\u011flar.<\/p><\/li><li class=\"\" data-start=\"1893\" data-end=\"1990\"><p class=\"\" data-start=\"1895\" data-end=\"1990\">\u2705 <strong data-start=\"1897\" data-end=\"1918\">Ya\u011fmura dayan\u0131kl\u0131<\/strong>: Su ge\u00e7irmez tente kuma\u015f\u0131 sayesinde ya\u011f\u0131\u015fl\u0131 havalarda da koruma sa\u011flar.<\/p><\/li><\/ul><h3 class=\"\" data-start=\"1992\" data-end=\"2027\">K\u00f6r\u00fckl\u00fc Tente Kuma\u015f Se\u00e7enekleri<\/h3><p class=\"\" data-start=\"2029\" data-end=\"2252\">Firmam\u0131zda, farkl\u0131 renk ve desenlerde y\u00fcksek kaliteli <strong data-start=\"2083\" data-end=\"2124\">akrilik, polyester ve PVC kapl\u0131 kuma\u015f<\/strong> se\u00e7enekleri sunulmaktad\u0131r. T\u00fcm kuma\u015flar <strong data-start=\"2165\" data-end=\"2192\">solmaya kar\u015f\u0131 dayan\u0131kl\u0131<\/strong>, <strong data-start=\"2194\" data-end=\"2209\">su ge\u00e7irmez<\/strong> ve <strong data-start=\"2213\" data-end=\"2237\">kolay temizlenebilir<\/strong> \u00f6zellik ta\u015f\u0131r.<\/p><h3 class=\"\" data-start=\"2254\" data-end=\"2283\">Neden Bursa Tente Branda?<\/h3><ul data-start=\"2285\" data-end=\"2487\"><li class=\"\" data-start=\"2285\" data-end=\"2336\"><p class=\"\" data-start=\"2287\" data-end=\"2336\">\ud83d\udccd Bursa i\u00e7i <strong data-start=\"2300\" data-end=\"2318\">\u00fccretsiz ke\u015fif<\/strong> ve \u00f6l\u00e7\u00fc hizmeti<\/p><\/li><li class=\"\" data-start=\"2337\" data-end=\"2367\"><p class=\"\" data-start=\"2339\" data-end=\"2367\">\ud83d\udee0\ufe0f <strong data-start=\"2343\" data-end=\"2365\">Uzman montaj ekibi<\/strong><\/p><\/li><li class=\"\" data-start=\"2368\" data-end=\"2402\"><p class=\"\" data-start=\"2370\" data-end=\"2402\">\ud83c\udfa8 Geni\u015f kuma\u015f ve renk skalas\u0131<\/p><\/li><li class=\"\" data-start=\"2403\" data-end=\"2444\"><p class=\"\" data-start=\"2405\" data-end=\"2444\">\ud83d\udd27 \u00d6zel \u00fcretim ve iste\u011fe g\u00f6re tasar\u0131m<\/p><\/li><li class=\"\" data-start=\"2445\" data-end=\"2487\"><p class=\"\" data-start=\"2447\" data-end=\"2487\">\ud83e\uddfe Uygun fiyat ve memnuniyet garantisi<\/p><\/li><\/ul><hr class=\"\" data-start=\"2489\" data-end=\"2492\" \/><h2 class=\"\" data-start=\"2494\" data-end=\"2515\">\u015eimdi Teklif Al\u0131n!<\/h2><p class=\"\" data-start=\"2517\" data-end=\"2707\">Siz de evinizin ya da i\u015fletmenizin cephesine \u015f\u0131kl\u0131k katmak ve ayn\u0131 zamanda g\u00fcne\u015ften korunmak istiyorsan\u0131z, k\u00f6r\u00fckl\u00fc tente sistemlerimiz hakk\u0131nda daha fazla bilgi almak i\u00e7in hemen bize ula\u015f\u0131n.<\/p><p class=\"\" data-start=\"2709\" data-end=\"2819\">\ud83d\udcde <strong data-start=\"2712\" data-end=\"2725\">\u0130leti\u015fim: <\/strong><a href=\"tel:05366533462\">0536 653 34 62<\/a>\u00a0 \u00a0 \u00a0<br \/>\ud83c\udf10 <strong data-start=\"2751\" data-end=\"2759\">Web: <\/strong><a class=\"\" href=\"http:\/\/www.bursatentebranda.com\" target=\"_new\" rel=\"noopener\" data-start=\"2760\" data-end=\"2819\">www.bursatentebranda.com<\/a><\/p>\t\t\t\t\t\t\t\t<\/div>\n\t\t\t\t<\/div>\n\t\t\t\t\t<\/div>\n\t\t\t\t<\/div>\n\t\t\t\t<\/div>\n\t\t","protected":false},"excerpt":{"rendered":"<p>BURSA TENTE BRANDA \u00c7ADIR Tel: 0224 251 82 23 &#8211; Gsm: 0536 653 34 62 &#8211; Gsm: 0531 200 44 84 K\u00d6R\u00dcKL\u00dc TENTELER 15.25 profil aksam\u0131yla olu\u015fup k\u00f6\u015felere kavis verilerek yap\u0131lan bir tente \u00e7e\u015fididir. Genel olarak kullan\u0131m amac\u0131 g\u00fcne\u015f ve ya\u011fmurdan korumakt\u0131r. K\u00f6r\u00fckl\u00fc Tenteler: Klasik Zarafet, Pratik Kullan\u0131m A\u00e7\u0131k alanlar\u0131n\u0131z\u0131 hem estetik hem de fonksiyonel bir \u015fekilde de\u011ferlendirmek istiyorsan\u0131z, k\u00f6r\u00fckl\u00fc tenteler ideal bir tercihtir. Bursatentebranda.com olarak, Bursa ve \u00e7evresinde k\u00f6r\u00fckl\u00fc tente imalat\u0131, sat\u0131\u015f\u0131 ve montaj\u0131 konular\u0131nda kaliteli hizmet sunuyoruz. Geleneksel g\u00f6r\u00fcn\u00fcm\u00fc ve kullan\u0131m kolayl\u0131\u011f\u0131yla \u00f6ne \u00e7\u0131kan k\u00f6r\u00fckl\u00fc tente sistemleri, her mek\u00e2na uyum sa\u011flar. K\u00f6r\u00fckl\u00fc Tente Nedir? K\u00f6r\u00fckl\u00fc tente, ad\u0131n\u0131 t\u0131pk\u0131 bir k\u00f6r\u00fck gibi a\u00e7\u0131l\u0131p kapanabilen tasar\u0131m\u0131ndan al\u0131r. Genellikle pencere ve kap\u0131 \u00fcstlerine monte edilir. Kenarlar\u0131nda yer alan hareketli iskelet sayesinde tente kuma\u015f\u0131 ileri-geri ya da yukar\u0131-a\u015fa\u011f\u0131 hareket ettirilerek istenilen a\u00e7\u0131kl\u0131k ayarlanabilir. \u015e\u0131kl\u0131\u011f\u0131 ve nostaljik tasar\u0131m\u0131 ile hem evlerde hem de ticari alanlarda s\u0131kl\u0131kla tercih edilir. K\u00f6r\u00fckl\u00fc Tentenin Kullan\u0131m Alanlar\u0131 \ud83c\udfe0 Evlerde: Balkon, pencere ve kap\u0131 \u00fcstlerinde g\u00fcne\u015f ve ya\u011fmurdan korunmak i\u00e7in. \ud83d\udecd\ufe0f Ma\u011fazalarda: Vitrinlerde hem g\u00f6lgelik hem de dikkat \u00e7ekici bir cephe tasar\u0131m\u0131 i\u00e7in. \u2615 Kafelerde: Sokak cepheli alanlarda estetik bir g\u00f6r\u00fcn\u00fcm ve i\u015flevsellik sa\u011flamak i\u00e7in. \ud83c\udfe8 Otel ve restoran giri\u015flerinde: Misafir kar\u015f\u0131lama alanlar\u0131nda dekoratif ve koruyucu bir \u00e7\u00f6z\u00fcm olarak. K\u00f6r\u00fckl\u00fc Tentelerin Avantajlar\u0131 \u2705 Geleneksel ve estetik tasar\u0131m: Kavisli yap\u0131s\u0131 ile klasik bir g\u00f6r\u00fcn\u00fcm sunar. \u2705 \u0130htiyaca g\u00f6re a\u00e7\u0131labilir: \u0130leri-geri hareketli k\u00f6r\u00fck sistemi ile istenen a\u00e7\u0131kl\u0131k kolayca ayarlanabilir. \u2705 Kolay kurulum ve kullan\u0131m: Pratik mekanizmas\u0131 sayesinde herkes taraf\u0131ndan rahat\u00e7a kullan\u0131labilir. \u2705 UV korumas\u0131: G\u00fcne\u015fin zararl\u0131 etkilerine kar\u015f\u0131 koruma sa\u011flar. \u2705 Ya\u011fmura dayan\u0131kl\u0131: Su ge\u00e7irmez tente kuma\u015f\u0131 sayesinde ya\u011f\u0131\u015fl\u0131 havalarda da koruma sa\u011flar. K\u00f6r\u00fckl\u00fc Tente Kuma\u015f Se\u00e7enekleri Firmam\u0131zda, farkl\u0131 renk ve desenlerde y\u00fcksek kaliteli akrilik, polyester ve PVC kapl\u0131 kuma\u015f se\u00e7enekleri sunulmaktad\u0131r. T\u00fcm kuma\u015flar solmaya kar\u015f\u0131 dayan\u0131kl\u0131, su ge\u00e7irmez ve kolay temizlenebilir \u00f6zellik ta\u015f\u0131r. Neden Bursa Tente Branda? \ud83d\udccd Bursa i\u00e7i \u00fccretsiz ke\u015fif ve \u00f6l\u00e7\u00fc hizmeti \ud83d\udee0\ufe0f Uzman montaj ekibi \ud83c\udfa8 Geni\u015f kuma\u015f ve renk skalas\u0131 \ud83d\udd27 \u00d6zel \u00fcretim ve iste\u011fe g\u00f6re tasar\u0131m \ud83e\uddfe Uygun fiyat ve memnuniyet garantisi \u015eimdi Teklif Al\u0131n! Siz de evinizin ya da i\u015fletmenizin cephesine \u015f\u0131kl\u0131k katmak ve ayn\u0131 zamanda g\u00fcne\u015ften korunmak istiyorsan\u0131z, k\u00f6r\u00fckl\u00fc tente sistemlerimiz hakk\u0131nda daha fazla bilgi almak i\u00e7in hemen bize ula\u015f\u0131n. \ud83d\udcde \u0130leti\u015fim: 0536 653 34 62\u00a0 \u00a0 \u00a0\ud83c\udf10 Web: www.bursatentebranda.com<\/p>\n","protected":false},"author":1,"featured_media":153,"parent":0,"menu_order":0,"comment_status":"open","ping_status":"closed","template":"elementor_header_footer","meta":{"_kadence_starter_templates_imported_post":false,"_kad_post_transparent":"","_kad_post_title":"","_kad_post_layout":"","_kad_post_sidebar_id":"","_kad_post_content_style":"","_kad_post_vertical_padding":"","_kad_post_feature":"","_kad_post_feature_position":"","_kad_post_header":false,"_kad_post_footer":false,"footnotes":""},"class_list":["post-152","page","type-page","status-publish","has-post-thumbnail","hentry"],"_links":{"self":[{"href":"http:\/\/bursatentebranda.com\/tr\/wp-json\/wp\/v2\/pages\/152","targetHints":{"allow":["GET"]}}],"collection":[{"href":"http:\/\/bursatentebranda.com\/tr\/wp-json\/wp\/v2\/pages"}],"about":[{"href":"http:\/\/bursatentebranda.com\/tr\/wp-json\/wp\/v2\/types\/page"}],"author":[{"embeddable":true,"href":"http:\/\/bursatentebranda.com\/tr\/wp-json\/wp\/v2\/users\/1"}],"replies":[{"embeddable":true,"href":"http:\/\/bursatentebranda.com\/tr\/wp-json\/wp\/v2\/comments?post=152"}],"version-history":[{"count":18,"href":"http:\/\/bursatentebranda.com\/tr\/wp-json\/wp\/v2\/pages\/152\/revisions"}],"predecessor-version":[{"id":1551,"href":"http:\/\/bursatentebranda.com\/tr\/wp-json\/wp\/v2\/pages\/152\/revisions\/1551"}],"wp:featuredmedia":[{"embeddable":true,"href":"http:\/\/bursatentebranda.com\/tr\/wp-json\/wp\/v2\/media\/153"}],"wp:attachment":[{"href":"http:\/\/bursatentebranda.com\/tr\/wp-json\/wp\/v2\/media?parent=152"}],"curies":[{"name":"wp","href":"https:\/\/api.w.org\/{rel}","templated":true}]}}