{"id":163,"date":"2019-02-03T16:10:51","date_gmt":"2019-02-03T13:10:51","guid":{"rendered":"http:\/\/bursatentebranda.com\/tr\/?page_id=163"},"modified":"2025-05-16T18:35:41","modified_gmt":"2025-05-16T15:35:41","slug":"rayli-tenteler","status":"publish","type":"page","link":"http:\/\/bursatentebranda.com\/tr\/rayli-tenteler\/","title":{"rendered":"RAYLI TENTELER"},"content":{"rendered":"\t\t<div data-elementor-type=\"wp-page\" data-elementor-id=\"163\" class=\"elementor elementor-163\">\n\t\t\t\t<div class=\"elementor-element elementor-element-1b8e31b e-flex e-con-boxed wpr-particle-no wpr-jarallax-no wpr-parallax-no wpr-sticky-section-no e-con e-parent\" data-id=\"1b8e31b\" data-element_type=\"container\" data-settings=\"{&quot;background_background&quot;:&quot;classic&quot;}\">\n\t\t\t\t\t<div class=\"e-con-inner\">\n\t\t\t\t<div class=\"elementor-element elementor-element-22af286 elementor-widget elementor-widget-heading\" data-id=\"22af286\" data-element_type=\"widget\" data-widget_type=\"heading.default\">\n\t\t\t\t<div class=\"elementor-widget-container\">\n\t\t\t\t\t<h2 class=\"elementor-heading-title elementor-size-default\">BURSA TENTE BRANDA \u00c7ADIR<\/h2>\t\t\t\t<\/div>\n\t\t\t\t<\/div>\n\t\t\t\t<div class=\"elementor-element elementor-element-06bdec7 elementor-widget elementor-widget-heading\" data-id=\"06bdec7\" data-element_type=\"widget\" data-widget_type=\"heading.default\">\n\t\t\t\t<div class=\"elementor-widget-container\">\n\t\t\t\t\t<h5 class=\"elementor-heading-title elementor-size-default\">Tel: 0224 251 82 23 - Gsm: 0536 653 34 62 - Gsm: 0531 200 44 84\n<\/h5>\t\t\t\t<\/div>\n\t\t\t\t<\/div>\n\t\t\t\t\t<\/div>\n\t\t\t\t<\/div>\n\t\t<div class=\"elementor-element elementor-element-cf81a1c e-flex e-con-boxed wpr-particle-no wpr-jarallax-no wpr-parallax-no wpr-sticky-section-no e-con e-parent\" data-id=\"cf81a1c\" data-element_type=\"container\">\n\t\t\t\t\t<div class=\"e-con-inner\">\n\t\t\t\t<div class=\"elementor-element elementor-element-c82c3d8 elementor-widget elementor-widget-heading\" data-id=\"c82c3d8\" data-element_type=\"widget\" data-widget_type=\"heading.default\">\n\t\t\t\t<div class=\"elementor-widget-container\">\n\t\t\t\t\t<h4 class=\"elementor-heading-title elementor-size-default\">RAYLI TENTELER<\/h4>\t\t\t\t<\/div>\n\t\t\t\t<\/div>\n\t\t\t\t<div class=\"elementor-element elementor-element-675244c elementor-widget elementor-widget-text-editor\" data-id=\"675244c\" data-element_type=\"widget\" data-widget_type=\"text-editor.default\">\n\t\t\t\t<div class=\"elementor-widget-container\">\n\t\t\t\t\t\t\t\t\t<div class=\"wrap mcb-wrap one valign-top clearfix\"><div class=\"mcb-wrap-inner\"><div class=\"column mcb-column one column_list \"><div class=\"list_item lists_1 clearfix\"><div class=\"animate fadeInUp\" data-anim-type=\"fadeInUp\"><div class=\"list_right\"><div class=\"desc\"><div class=\"wrap mcb-wrap one valign-top clearfix\"><div class=\"mcb-wrap-inner\"><div class=\"column mcb-column one column_list \"><div class=\"list_item lists_1 clearfix\"><div class=\"animate fadeInUp\" data-anim-type=\"fadeInUp\"><div class=\"list_right\"><div class=\"desc\"><b>Genelde ray \u00fczerinde hareket ederek a\u00e7\u0131l\u0131r kapan\u0131r bir branda sistemi olmakla birlikte. iste\u011fe g\u00f6re motorlu ve manuel olarak yap\u0131labilmektedir.<\/b><\/div><\/div><\/div><\/div><\/div><\/div><\/div><\/div><\/div><\/div><\/div><\/div><\/div><\/div>\t\t\t\t\t\t\t\t<\/div>\n\t\t\t\t<\/div>\n\t\t\t\t\t<\/div>\n\t\t\t\t<\/div>\n\t\t<div class=\"elementor-element elementor-element-e4dd84a e-flex e-con-boxed wpr-particle-no wpr-jarallax-no wpr-parallax-no wpr-sticky-section-no e-con e-parent\" data-id=\"e4dd84a\" data-element_type=\"container\">\n\t\t\t\t\t<div class=\"e-con-inner\">\n\t\t\t\t<div class=\"elementor-element elementor-element-68d6f7b elementor-widget elementor-widget-image-gallery\" data-id=\"68d6f7b\" data-element_type=\"widget\" data-widget_type=\"image-gallery.default\">\n\t\t\t\t<div class=\"elementor-widget-container\">\n\t\t\t\t\t\t\t<div class=\"elementor-image-gallery\">\n\t\t\t<div id='gallery-1' class='gallery galleryid-163 gallery-columns-4 gallery-size-medium'><figure class='gallery-item'>\n\t\t\t<div class='gallery-icon landscape'>\n\t\t\t\t<a data-elementor-open-lightbox=\"yes\" data-elementor-lightbox-slideshow=\"68d6f7b\" data-elementor-lightbox-title=\"rayli (1)\" data-elementor-lightbox-description=\"\t\t\t\t\t\t\" data-e-action-hash=\"#elementor-action%3Aaction%3Dlightbox%26settings%3DeyJpZCI6MTY0LCJ1cmwiOiJodHRwczpcL1wvYnVyc2F0ZW50ZWJyYW5kYS5jb21cL3RyXC93cC1jb250ZW50XC91cGxvYWRzXC8yMDE5XC8wMlwvcmF5bGktMS5qcGciLCJzbGlkZXNob3ciOiI2OGQ2ZjdiIn0%3D\" href='https:\/\/bursatentebranda.com\/tr\/wp-content\/uploads\/2019\/02\/rayli-1.jpg'><img fetchpriority=\"high\" width=\"300\" height=\"232\" src=\"https:\/\/bursatentebranda.com\/tr\/wp-content\/uploads\/2019\/02\/rayli-1-300x232.jpg\" class=\"attachment-medium size-medium\" alt=\"\" srcset=\"https:\/\/bursatentebranda.com\/tr\/wp-content\/uploads\/2019\/02\/rayli-1-300x232.jpg 300w, https:\/\/bursatentebranda.com\/tr\/wp-content\/uploads\/2019\/02\/rayli-1.jpg 420w\" sizes=\"(max-width: 300px) 100vw, 300px\" \/><\/a>\n\t\t\t<\/div><\/figure><figure class='gallery-item'>\n\t\t\t<div class='gallery-icon landscape'>\n\t\t\t\t<a data-elementor-open-lightbox=\"yes\" data-elementor-lightbox-slideshow=\"68d6f7b\" data-elementor-lightbox-title=\"rayli (2)\" data-elementor-lightbox-description=\"\t\t\t\t\t\t\" data-e-action-hash=\"#elementor-action%3Aaction%3Dlightbox%26settings%3DeyJpZCI6MTY1LCJ1cmwiOiJodHRwczpcL1wvYnVyc2F0ZW50ZWJyYW5kYS5jb21cL3RyXC93cC1jb250ZW50XC91cGxvYWRzXC8yMDE5XC8wMlwvcmF5bGktMi5qcGciLCJzbGlkZXNob3ciOiI2OGQ2ZjdiIn0%3D\" href='https:\/\/bursatentebranda.com\/tr\/wp-content\/uploads\/2019\/02\/rayli-2.jpg'><img width=\"300\" height=\"232\" src=\"https:\/\/bursatentebranda.com\/tr\/wp-content\/uploads\/2019\/02\/rayli-2-300x232.jpg\" class=\"attachment-medium size-medium\" alt=\"\" srcset=\"https:\/\/bursatentebranda.com\/tr\/wp-content\/uploads\/2019\/02\/rayli-2-300x232.jpg 300w, https:\/\/bursatentebranda.com\/tr\/wp-content\/uploads\/2019\/02\/rayli-2.jpg 420w\" sizes=\"(max-width: 300px) 100vw, 300px\" \/><\/a>\n\t\t\t<\/div><\/figure><figure class='gallery-item'>\n\t\t\t<div class='gallery-icon landscape'>\n\t\t\t\t<a data-elementor-open-lightbox=\"yes\" data-elementor-lightbox-slideshow=\"68d6f7b\" data-elementor-lightbox-title=\"rayli (3)\" data-elementor-lightbox-description=\"\t\t\t\t\t\t\" data-e-action-hash=\"#elementor-action%3Aaction%3Dlightbox%26settings%3DeyJpZCI6MTY2LCJ1cmwiOiJodHRwczpcL1wvYnVyc2F0ZW50ZWJyYW5kYS5jb21cL3RyXC93cC1jb250ZW50XC91cGxvYWRzXC8yMDE5XC8wMlwvcmF5bGktMy5qcGciLCJzbGlkZXNob3ciOiI2OGQ2ZjdiIn0%3D\" href='https:\/\/bursatentebranda.com\/tr\/wp-content\/uploads\/2019\/02\/rayli-3.jpg'><img width=\"300\" height=\"232\" src=\"https:\/\/bursatentebranda.com\/tr\/wp-content\/uploads\/2019\/02\/rayli-3-300x232.jpg\" class=\"attachment-medium size-medium\" alt=\"\" srcset=\"https:\/\/bursatentebranda.com\/tr\/wp-content\/uploads\/2019\/02\/rayli-3-300x232.jpg 300w, https:\/\/bursatentebranda.com\/tr\/wp-content\/uploads\/2019\/02\/rayli-3.jpg 420w\" sizes=\"(max-width: 300px) 100vw, 300px\" \/><\/a>\n\t\t\t<\/div><\/figure><figure class='gallery-item'>\n\t\t\t<div class='gallery-icon landscape'>\n\t\t\t\t<a data-elementor-open-lightbox=\"yes\" data-elementor-lightbox-slideshow=\"68d6f7b\" data-elementor-lightbox-title=\"rayli (4)\" data-elementor-lightbox-description=\"\t\t\t\t\t\t\" data-e-action-hash=\"#elementor-action%3Aaction%3Dlightbox%26settings%3DeyJpZCI6MTY3LCJ1cmwiOiJodHRwczpcL1wvYnVyc2F0ZW50ZWJyYW5kYS5jb21cL3RyXC93cC1jb250ZW50XC91cGxvYWRzXC8yMDE5XC8wMlwvcmF5bGktNC5qcGciLCJzbGlkZXNob3ciOiI2OGQ2ZjdiIn0%3D\" href='https:\/\/bursatentebranda.com\/tr\/wp-content\/uploads\/2019\/02\/rayli-4.jpg'><img loading=\"lazy\" width=\"300\" height=\"225\" src=\"https:\/\/bursatentebranda.com\/tr\/wp-content\/uploads\/2019\/02\/rayli-4-300x225.jpg\" class=\"attachment-medium size-medium\" alt=\"\" srcset=\"https:\/\/bursatentebranda.com\/tr\/wp-content\/uploads\/2019\/02\/rayli-4-300x225.jpg 300w, https:\/\/bursatentebranda.com\/tr\/wp-content\/uploads\/2019\/02\/rayli-4.jpg 653w\" sizes=\"(max-width: 300px) 100vw, 300px\" \/><\/a>\n\t\t\t<\/div><\/figure><figure class='gallery-item'>\n\t\t\t<div class='gallery-icon landscape'>\n\t\t\t\t<a data-elementor-open-lightbox=\"yes\" data-elementor-lightbox-slideshow=\"68d6f7b\" data-elementor-lightbox-title=\"rayli (5)\" data-elementor-lightbox-description=\"\t\t\t\t\t\t\" data-e-action-hash=\"#elementor-action%3Aaction%3Dlightbox%26settings%3DeyJpZCI6MTY4LCJ1cmwiOiJodHRwczpcL1wvYnVyc2F0ZW50ZWJyYW5kYS5jb21cL3RyXC93cC1jb250ZW50XC91cGxvYWRzXC8yMDE5XC8wMlwvcmF5bGktNS5qcGciLCJzbGlkZXNob3ciOiI2OGQ2ZjdiIn0%3D\" href='https:\/\/bursatentebranda.com\/tr\/wp-content\/uploads\/2019\/02\/rayli-5.jpg'><img loading=\"lazy\" width=\"300\" height=\"225\" src=\"https:\/\/bursatentebranda.com\/tr\/wp-content\/uploads\/2019\/02\/rayli-5-300x225.jpg\" class=\"attachment-medium size-medium\" alt=\"\" srcset=\"https:\/\/bursatentebranda.com\/tr\/wp-content\/uploads\/2019\/02\/rayli-5-300x225.jpg 300w, https:\/\/bursatentebranda.com\/tr\/wp-content\/uploads\/2019\/02\/rayli-5.jpg 430w\" sizes=\"(max-width: 300px) 100vw, 300px\" \/><\/a>\n\t\t\t<\/div><\/figure><figure class='gallery-item'>\n\t\t\t<div class='gallery-icon landscape'>\n\t\t\t\t<a data-elementor-open-lightbox=\"yes\" data-elementor-lightbox-slideshow=\"68d6f7b\" data-elementor-lightbox-title=\"rayli (6)\" data-elementor-lightbox-description=\"\t\t\t\t\t\t\" data-e-action-hash=\"#elementor-action%3Aaction%3Dlightbox%26settings%3DeyJpZCI6MTY5LCJ1cmwiOiJodHRwczpcL1wvYnVyc2F0ZW50ZWJyYW5kYS5jb21cL3RyXC93cC1jb250ZW50XC91cGxvYWRzXC8yMDE5XC8wMlwvcmF5bGktNi5qcGciLCJzbGlkZXNob3ciOiI2OGQ2ZjdiIn0%3D\" href='https:\/\/bursatentebranda.com\/tr\/wp-content\/uploads\/2019\/02\/rayli-6.jpg'><img loading=\"lazy\" width=\"300\" height=\"225\" src=\"https:\/\/bursatentebranda.com\/tr\/wp-content\/uploads\/2019\/02\/rayli-6-300x225.jpg\" class=\"attachment-medium size-medium\" alt=\"\" srcset=\"https:\/\/bursatentebranda.com\/tr\/wp-content\/uploads\/2019\/02\/rayli-6-300x225.jpg 300w, https:\/\/bursatentebranda.com\/tr\/wp-content\/uploads\/2019\/02\/rayli-6.jpg 430w\" sizes=\"(max-width: 300px) 100vw, 300px\" \/><\/a>\n\t\t\t<\/div><\/figure><figure class='gallery-item'>\n\t\t\t<div class='gallery-icon landscape'>\n\t\t\t\t<a data-elementor-open-lightbox=\"yes\" data-elementor-lightbox-slideshow=\"68d6f7b\" data-elementor-lightbox-title=\"rayli (7)\" data-elementor-lightbox-description=\"\t\t\t\t\t\t\" data-e-action-hash=\"#elementor-action%3Aaction%3Dlightbox%26settings%3DeyJpZCI6MTcwLCJ1cmwiOiJodHRwczpcL1wvYnVyc2F0ZW50ZWJyYW5kYS5jb21cL3RyXC93cC1jb250ZW50XC91cGxvYWRzXC8yMDE5XC8wMlwvcmF5bGktNy5qcGciLCJzbGlkZXNob3ciOiI2OGQ2ZjdiIn0%3D\" href='https:\/\/bursatentebranda.com\/tr\/wp-content\/uploads\/2019\/02\/rayli-7.jpg'><img loading=\"lazy\" width=\"300\" height=\"225\" src=\"https:\/\/bursatentebranda.com\/tr\/wp-content\/uploads\/2019\/02\/rayli-7-300x225.jpg\" class=\"attachment-medium size-medium\" alt=\"\" srcset=\"https:\/\/bursatentebranda.com\/tr\/wp-content\/uploads\/2019\/02\/rayli-7-300x225.jpg 300w, https:\/\/bursatentebranda.com\/tr\/wp-content\/uploads\/2019\/02\/rayli-7.jpg 600w\" sizes=\"(max-width: 300px) 100vw, 300px\" \/><\/a>\n\t\t\t<\/div><\/figure>\n\t\t<\/div>\n\t\t<\/div>\n\t\t\t\t\t\t<\/div>\n\t\t\t\t<\/div>\n\t\t\t\t\t<\/div>\n\t\t\t\t<\/div>\n\t\t<div class=\"elementor-element elementor-element-6c4f550 e-flex e-con-boxed wpr-particle-no wpr-jarallax-no wpr-parallax-no wpr-sticky-section-no e-con e-parent\" data-id=\"6c4f550\" data-element_type=\"container\">\n\t\t\t\t\t<div class=\"e-con-inner\">\n\t\t\t\t<div class=\"elementor-element elementor-element-14bd745 elementor-widget elementor-widget-text-editor\" data-id=\"14bd745\" data-element_type=\"widget\" data-widget_type=\"text-editor.default\">\n\t\t\t\t<div class=\"elementor-widget-container\">\n\t\t\t\t\t\t\t\t\t<h2 class=\"\" data-start=\"270\" data-end=\"329\">Rayl\u0131 Tente Sistemleri: D\u00f6rt Mevsim Konfor, \u015e\u0131k Mekanlar<\/h2><p class=\"\" data-start=\"331\" data-end=\"714\">A\u00e7\u0131k alanlar\u0131n\u0131z\u0131 d\u00f6rt mevsim konforlu ve estetik bir ya\u015fam alan\u0131na d\u00f6n\u00fc\u015ft\u00fcrmek ister misiniz? <strong data-start=\"426\" data-end=\"452\">Rayl\u0131 tente sistemleri<\/strong>, modern tasar\u0131m\u0131, y\u00fcksek dayan\u0131kl\u0131l\u0131\u011f\u0131 ve kullan\u0131\u015fl\u0131 yap\u0131s\u0131 sayesinde g\u00fcn\u00fcm\u00fczde en \u00e7ok tercih edilen g\u00f6lgelendirme \u00e7\u00f6z\u00fcmlerinden biridir. <strong data-start=\"591\" data-end=\"615\">Bursatentebranda.com<\/strong> olarak, Bursa ve \u00e7evresinde kaliteli rayl\u0131 tente sistemleriyle ya\u015fam alanlar\u0131n\u0131za de\u011fer kat\u0131yoruz.<\/p><h3 class=\"\" data-start=\"716\" data-end=\"738\">Rayl\u0131 Tente Nedir?<\/h3><p class=\"\" data-start=\"740\" data-end=\"1008\">Rayl\u0131 tente, hareketli bir tavan sistemiyle \u00e7al\u0131\u015fan ve \u00f6zel al\u00fcminyum raylar \u00fczerinde a\u00e7\u0131l\u0131p kapanabilen bir g\u00f6lgelendirme sistemidir. Genellikle <strong data-start=\"886\" data-end=\"917\">motorlu (uzaktan kumandal\u0131)<\/strong> olarak tasarlan\u0131r ve b\u00fcy\u00fck alanlar\u0131n (bah\u00e7e, teras, restoran vb.) kapat\u0131lmas\u0131nda idealdir.<\/p><p class=\"\" data-start=\"1010\" data-end=\"1255\">Rayl\u0131 sistem sayesinde tente kuma\u015f\u0131, d\u00fcz bir y\u00fczey halinde ileri-geri hareket ederek geni\u015f alanlara tam koruma sa\u011flar. \u0130ste\u011fe ba\u011fl\u0131 olarak sistemin yanlar\u0131 da \u015feffaf brandalarla kapat\u0131labilir ve t\u00fcm y\u0131l boyunca kullan\u0131labilir hale getirilebilir.<\/p><h3 class=\"\" data-start=\"1257\" data-end=\"1294\">Rayl\u0131 Tente Nerelerde Kullan\u0131l\u0131r?<\/h3><ul data-start=\"1296\" data-end=\"1677\"><li class=\"\" data-start=\"1296\" data-end=\"1399\"><p class=\"\" data-start=\"1298\" data-end=\"1399\">\ud83c\udfe1 <strong data-start=\"1301\" data-end=\"1312\">Evlerde<\/strong>: Geni\u015f teraslar ve bah\u00e7elerde yaz-k\u0131\u015f kullan\u0131labilir konforlu alanlar yaratmak i\u00e7in.<\/p><\/li><li class=\"\" data-start=\"1400\" data-end=\"1487\"><p class=\"\" data-start=\"1402\" data-end=\"1487\">\u2615 <strong data-start=\"1404\" data-end=\"1417\">Kafelerde<\/strong>: A\u00e7\u0131k alanlar\u0131 m\u00fc\u015fteriler i\u00e7in korunakl\u0131 ve \u015f\u0131k hale getirmek i\u00e7in.<\/p><\/li><li class=\"\" data-start=\"1488\" data-end=\"1566\"><p class=\"\" data-start=\"1490\" data-end=\"1566\">\ud83c\udf7d\ufe0f <strong data-start=\"1494\" data-end=\"1511\">Restoranlarda<\/strong>: D\u0131\u015f mekanlar\u0131 d\u00f6rt mevsim hizmete a\u00e7\u0131k tutmak i\u00e7in.<\/p><\/li><li class=\"\" data-start=\"1567\" data-end=\"1677\"><p class=\"\" data-start=\"1569\" data-end=\"1677\">\ud83c\udfe8 <strong data-start=\"1572\" data-end=\"1585\">Otellerde<\/strong>: Havuz ba\u015f\u0131, lobi d\u0131\u015f\u0131 veya restoran b\u00f6l\u00fcmlerinde estetik ve i\u015flevsel \u00e7\u00f6z\u00fcmler sunmak i\u00e7in.<\/p><\/li><\/ul><h3 class=\"\" data-start=\"1679\" data-end=\"1720\">Rayl\u0131 Tente Sistemlerinin Avantajlar\u0131<\/h3><ul data-start=\"1722\" data-end=\"2290\"><li class=\"\" data-start=\"1722\" data-end=\"1797\"><p class=\"\" data-start=\"1724\" data-end=\"1797\">\u2705 <strong data-start=\"1726\" data-end=\"1746\">Motorlu kullan\u0131m<\/strong>: Uzaktan kumanda ile kolayca a\u00e7\u0131l\u0131p kapanabilir.<\/p><\/li><li class=\"\" data-start=\"1798\" data-end=\"1882\"><p class=\"\" data-start=\"1800\" data-end=\"1882\">\u2705 <strong data-start=\"1802\" data-end=\"1824\">Geni\u015f alan kapatma<\/strong>: B\u00fcy\u00fck teras ve bah\u00e7elerde etkili g\u00f6lgelendirme sa\u011flar.<\/p><\/li><li class=\"\" data-start=\"1883\" data-end=\"1998\"><p class=\"\" data-start=\"1885\" data-end=\"1998\">\u2705 <strong data-start=\"1887\" data-end=\"1922\">Su ge\u00e7irmez ve r\u00fczgar dayan\u0131ml\u0131<\/strong>: \u00d6zel kaplamal\u0131 kuma\u015flar sayesinde ya\u011fmur ve r\u00fczgara kar\u015f\u0131 koruma sa\u011flar.<\/p><\/li><li class=\"\" data-start=\"1999\" data-end=\"2087\"><p class=\"\" data-start=\"2001\" data-end=\"2087\">\u2705 <strong data-start=\"2003\" data-end=\"2032\">Estetik ve modern g\u00f6r\u00fcn\u00fcm<\/strong>: Yap\u0131ya \u015f\u0131kl\u0131k katar ve prestijli bir g\u00f6r\u00fcn\u00fcm sunar.<\/p><\/li><li class=\"\" data-start=\"2088\" data-end=\"2181\"><p class=\"\" data-start=\"2090\" data-end=\"2181\">\u2705 <strong data-start=\"2092\" data-end=\"2125\">Ayd\u0131nlatma sistemiyle entegre<\/strong>: LED \u0131\u015f\u0131k sistemleriyle gece kullan\u0131m\u0131 i\u00e7in idealdir.<\/p><\/li><li class=\"\" data-start=\"2182\" data-end=\"2290\"><p class=\"\" data-start=\"2184\" data-end=\"2290\">\u2705 <strong data-start=\"2186\" data-end=\"2207\">4 mevsim kullan\u0131m<\/strong>: Yan perdeler veya \u015feffaf kapama sistemleriyle k\u0131\u015f\u0131n da kullan\u0131labilir hale gelir.<\/p><\/li><\/ul><h3 class=\"\" data-start=\"2292\" data-end=\"2343\">Bursa&#8217;da Rayl\u0131 Tente Yapt\u0131rmak \u0130\u00e7in Do\u011fru Adres<\/h3><p class=\"\" data-start=\"2345\" data-end=\"2547\"><strong data-start=\"2345\" data-end=\"2372\">Bursa merkezli firmam\u0131z<\/strong>, rayl\u0131 tente sistemlerinde dayan\u0131kl\u0131l\u0131k, kalite ve esteti\u011fi bir araya getiriyor. M\u00fc\u015fteri memnuniyetini esas alan hizmet anlay\u0131\u015f\u0131m\u0131zla, size \u00f6zel \u00f6l\u00e7\u00fc ve tasar\u0131mlar sunuyoruz.<\/p><p class=\"\" data-start=\"2549\" data-end=\"2570\">Sundu\u011fumuz hizmetler:<\/p><ul data-start=\"2572\" data-end=\"2758\"><li class=\"\" data-start=\"2572\" data-end=\"2602\"><p class=\"\" data-start=\"2574\" data-end=\"2602\">\ud83d\udccf \u00dccretsiz ke\u015fif ve \u00f6l\u00e7\u00fcm<\/p><\/li><li class=\"\" data-start=\"2603\" data-end=\"2635\"><p class=\"\" data-start=\"2605\" data-end=\"2635\">\ud83c\udfa8 Renk ve kuma\u015f se\u00e7enekleri<\/p><\/li><li class=\"\" data-start=\"2636\" data-end=\"2661\"><p class=\"\" data-start=\"2638\" data-end=\"2661\">\ud83d\udd27 Profesyonel montaj<\/p><\/li><li class=\"\" data-start=\"2662\" data-end=\"2721\"><p class=\"\" data-start=\"2664\" data-end=\"2721\">\u2699\ufe0f Y\u00fcksek kaliteli motor sistemleri (uzaktan kumandal\u0131)<\/p><\/li><li class=\"\" data-start=\"2722\" data-end=\"2758\"><p class=\"\" data-start=\"2724\" data-end=\"2758\">\ud83d\udee0\ufe0f Bak\u0131m ve yedek par\u00e7a deste\u011fi<\/p><\/li><\/ul><hr class=\"\" data-start=\"2760\" data-end=\"2763\" \/><h2 class=\"\" data-start=\"2765\" data-end=\"2808\">Teklif Almak \u0130\u00e7in Hemen \u0130leti\u015fime Ge\u00e7in!<\/h2><p class=\"\" data-start=\"2810\" data-end=\"2961\">Rayl\u0131 tente sistemleriyle siz de hem estetik hem fonksiyonel bir a\u00e7\u0131k alan yarat\u0131n. Bursa\u2019da kaliteli tente hizmeti i\u00e7in bizimle hemen ileti\u015fime ge\u00e7in.<\/p><p class=\"\" data-start=\"2963\" data-end=\"3073\">\ud83d\udcde <strong data-start=\"2966\" data-end=\"2979\">\u0130leti\u015fim: <\/strong><a href=\"tel:05366533462\">0536 653 34 62<\/a><br \/>\ud83c\udf10 <strong data-start=\"3005\" data-end=\"3013\">Web:<\/strong> <a class=\"cursor-pointer\" target=\"_new\" rel=\"noopener\" data-start=\"3014\" data-end=\"3073\">www.bursatentebranda.com<\/a><\/p>\t\t\t\t\t\t\t\t<\/div>\n\t\t\t\t<\/div>\n\t\t\t\t\t<\/div>\n\t\t\t\t<\/div>\n\t\t\t\t<\/div>\n\t\t","protected":false},"excerpt":{"rendered":"<p>BURSA TENTE BRANDA \u00c7ADIR Tel: 0224 251 82 23 &#8211; Gsm: 0536 653 34 62 &#8211; Gsm: 0531 200 44 84 RAYLI TENTELER Genelde ray \u00fczerinde hareket ederek a\u00e7\u0131l\u0131r kapan\u0131r bir branda sistemi olmakla birlikte. iste\u011fe g\u00f6re motorlu ve manuel olarak yap\u0131labilmektedir. Rayl\u0131 Tente Sistemleri: D\u00f6rt Mevsim Konfor, \u015e\u0131k Mekanlar A\u00e7\u0131k alanlar\u0131n\u0131z\u0131 d\u00f6rt mevsim konforlu ve estetik bir ya\u015fam alan\u0131na d\u00f6n\u00fc\u015ft\u00fcrmek ister misiniz? Rayl\u0131 tente sistemleri, modern tasar\u0131m\u0131, y\u00fcksek dayan\u0131kl\u0131l\u0131\u011f\u0131 ve kullan\u0131\u015fl\u0131 yap\u0131s\u0131 sayesinde g\u00fcn\u00fcm\u00fczde en \u00e7ok tercih edilen g\u00f6lgelendirme \u00e7\u00f6z\u00fcmlerinden biridir. Bursatentebranda.com olarak, Bursa ve \u00e7evresinde kaliteli rayl\u0131 tente sistemleriyle ya\u015fam alanlar\u0131n\u0131za de\u011fer kat\u0131yoruz. Rayl\u0131 Tente Nedir? Rayl\u0131 tente, hareketli bir tavan sistemiyle \u00e7al\u0131\u015fan ve \u00f6zel al\u00fcminyum raylar \u00fczerinde a\u00e7\u0131l\u0131p kapanabilen bir g\u00f6lgelendirme sistemidir. Genellikle motorlu (uzaktan kumandal\u0131) olarak tasarlan\u0131r ve b\u00fcy\u00fck alanlar\u0131n (bah\u00e7e, teras, restoran vb.) kapat\u0131lmas\u0131nda idealdir. Rayl\u0131 sistem sayesinde tente kuma\u015f\u0131, d\u00fcz bir y\u00fczey halinde ileri-geri hareket ederek geni\u015f alanlara tam koruma sa\u011flar. \u0130ste\u011fe ba\u011fl\u0131 olarak sistemin yanlar\u0131 da \u015feffaf brandalarla kapat\u0131labilir ve t\u00fcm y\u0131l boyunca kullan\u0131labilir hale getirilebilir. Rayl\u0131 Tente Nerelerde Kullan\u0131l\u0131r? \ud83c\udfe1 Evlerde: Geni\u015f teraslar ve bah\u00e7elerde yaz-k\u0131\u015f kullan\u0131labilir konforlu alanlar yaratmak i\u00e7in. \u2615 Kafelerde: A\u00e7\u0131k alanlar\u0131 m\u00fc\u015fteriler i\u00e7in korunakl\u0131 ve \u015f\u0131k hale getirmek i\u00e7in. \ud83c\udf7d\ufe0f Restoranlarda: D\u0131\u015f mekanlar\u0131 d\u00f6rt mevsim hizmete a\u00e7\u0131k tutmak i\u00e7in. \ud83c\udfe8 Otellerde: Havuz ba\u015f\u0131, lobi d\u0131\u015f\u0131 veya restoran b\u00f6l\u00fcmlerinde estetik ve i\u015flevsel \u00e7\u00f6z\u00fcmler sunmak i\u00e7in. Rayl\u0131 Tente Sistemlerinin Avantajlar\u0131 \u2705 Motorlu kullan\u0131m: Uzaktan kumanda ile kolayca a\u00e7\u0131l\u0131p kapanabilir. \u2705 Geni\u015f alan kapatma: B\u00fcy\u00fck teras ve bah\u00e7elerde etkili g\u00f6lgelendirme sa\u011flar. \u2705 Su ge\u00e7irmez ve r\u00fczgar dayan\u0131ml\u0131: \u00d6zel kaplamal\u0131 kuma\u015flar sayesinde ya\u011fmur ve r\u00fczgara kar\u015f\u0131 koruma sa\u011flar. \u2705 Estetik ve modern g\u00f6r\u00fcn\u00fcm: Yap\u0131ya \u015f\u0131kl\u0131k katar ve prestijli bir g\u00f6r\u00fcn\u00fcm sunar. \u2705 Ayd\u0131nlatma sistemiyle entegre: LED \u0131\u015f\u0131k sistemleriyle gece kullan\u0131m\u0131 i\u00e7in idealdir. \u2705 4 mevsim kullan\u0131m: Yan perdeler veya \u015feffaf kapama sistemleriyle k\u0131\u015f\u0131n da kullan\u0131labilir hale gelir. Bursa&#8217;da Rayl\u0131 Tente Yapt\u0131rmak \u0130\u00e7in Do\u011fru Adres Bursa merkezli firmam\u0131z, rayl\u0131 tente sistemlerinde dayan\u0131kl\u0131l\u0131k, kalite ve esteti\u011fi bir araya getiriyor. M\u00fc\u015fteri memnuniyetini esas alan hizmet anlay\u0131\u015f\u0131m\u0131zla, size \u00f6zel \u00f6l\u00e7\u00fc ve tasar\u0131mlar sunuyoruz. Sundu\u011fumuz hizmetler: \ud83d\udccf \u00dccretsiz ke\u015fif ve \u00f6l\u00e7\u00fcm \ud83c\udfa8 Renk ve kuma\u015f se\u00e7enekleri \ud83d\udd27 Profesyonel montaj \u2699\ufe0f Y\u00fcksek kaliteli motor sistemleri (uzaktan kumandal\u0131) \ud83d\udee0\ufe0f Bak\u0131m ve yedek par\u00e7a deste\u011fi Teklif Almak \u0130\u00e7in Hemen \u0130leti\u015fime Ge\u00e7in! Rayl\u0131 tente sistemleriyle siz de hem estetik hem fonksiyonel bir a\u00e7\u0131k alan yarat\u0131n. Bursa\u2019da kaliteli tente hizmeti i\u00e7in bizimle hemen ileti\u015fime ge\u00e7in. \ud83d\udcde \u0130leti\u015fim: 0536 653 34 62\ud83c\udf10 Web: www.bursatentebranda.com<\/p>\n","protected":false},"author":1,"featured_media":166,"parent":0,"menu_order":0,"comment_status":"open","ping_status":"closed","template":"elementor_header_footer","meta":{"_kadence_starter_templates_imported_post":false,"_kad_post_transparent":"","_kad_post_title":"","_kad_post_layout":"","_kad_post_sidebar_id":"","_kad_post_content_style":"","_kad_post_vertical_padding":"","_kad_post_feature":"","_kad_post_feature_position":"","_kad_post_header":false,"_kad_post_footer":false,"footnotes":""},"class_list":["post-163","page","type-page","status-publish","has-post-thumbnail","hentry"],"_links":{"self":[{"href":"http:\/\/bursatentebranda.com\/tr\/wp-json\/wp\/v2\/pages\/163","targetHints":{"allow":["GET"]}}],"collection":[{"href":"http:\/\/bursatentebranda.com\/tr\/wp-json\/wp\/v2\/pages"}],"about":[{"href":"http:\/\/bursatentebranda.com\/tr\/wp-json\/wp\/v2\/types\/page"}],"author":[{"embeddable":true,"href":"http:\/\/bursatentebranda.com\/tr\/wp-json\/wp\/v2\/users\/1"}],"replies":[{"embeddable":true,"href":"http:\/\/bursatentebranda.com\/tr\/wp-json\/wp\/v2\/comments?post=163"}],"version-history":[{"count":9,"href":"http:\/\/bursatentebranda.com\/tr\/wp-json\/wp\/v2\/pages\/163\/revisions"}],"predecessor-version":[{"id":1343,"href":"http:\/\/bursatentebranda.com\/tr\/wp-json\/wp\/v2\/pages\/163\/revisions\/1343"}],"wp:featuredmedia":[{"embeddable":true,"href":"http:\/\/bursatentebranda.com\/tr\/wp-json\/wp\/v2\/media\/166"}],"wp:attachment":[{"href":"http:\/\/bursatentebranda.com\/tr\/wp-json\/wp\/v2\/media?parent=163"}],"curies":[{"name":"wp","href":"https:\/\/api.w.org\/{rel}","templated":true}]}}