{"id":172,"date":"2019-02-03T16:13:57","date_gmt":"2019-02-03T13:13:57","guid":{"rendered":"http:\/\/bursatentebranda.com\/tr\/?page_id=172"},"modified":"2025-05-16T18:38:20","modified_gmt":"2025-05-16T15:38:20","slug":"kis-kapamasi-tenteleri","status":"publish","type":"page","link":"http:\/\/bursatentebranda.com\/tr\/kis-kapamasi-tenteleri\/","title":{"rendered":"KI\u015e KAPAMASI TENTELER\u0130"},"content":{"rendered":"\t\t<div data-elementor-type=\"wp-page\" data-elementor-id=\"172\" class=\"elementor elementor-172\">\n\t\t\t\t<div class=\"elementor-element elementor-element-9909ba1 e-flex e-con-boxed wpr-particle-no wpr-jarallax-no wpr-parallax-no wpr-sticky-section-no e-con e-parent\" data-id=\"9909ba1\" data-element_type=\"container\" data-settings=\"{&quot;background_background&quot;:&quot;classic&quot;}\">\n\t\t\t\t\t<div class=\"e-con-inner\">\n\t\t\t\t<div class=\"elementor-element elementor-element-ac5ab7e elementor-widget elementor-widget-heading\" data-id=\"ac5ab7e\" data-element_type=\"widget\" data-widget_type=\"heading.default\">\n\t\t\t\t<div class=\"elementor-widget-container\">\n\t\t\t\t\t<h2 class=\"elementor-heading-title elementor-size-default\">BURSA TENTE BRANDA \u00c7ADIR<\/h2>\t\t\t\t<\/div>\n\t\t\t\t<\/div>\n\t\t\t\t<div class=\"elementor-element elementor-element-74ffec8 elementor-widget elementor-widget-heading\" data-id=\"74ffec8\" data-element_type=\"widget\" data-widget_type=\"heading.default\">\n\t\t\t\t<div class=\"elementor-widget-container\">\n\t\t\t\t\t<h5 class=\"elementor-heading-title elementor-size-default\">Tel: 0224 251 82 23 - Gsm: 0536 653 34 62 - Gsm: 0531 200 44 84\n<\/h5>\t\t\t\t<\/div>\n\t\t\t\t<\/div>\n\t\t\t\t\t<\/div>\n\t\t\t\t<\/div>\n\t\t<div class=\"elementor-element elementor-element-40be37f e-flex e-con-boxed wpr-particle-no wpr-jarallax-no wpr-parallax-no wpr-sticky-section-no e-con e-parent\" data-id=\"40be37f\" data-element_type=\"container\">\n\t\t\t\t\t<div class=\"e-con-inner\">\n\t\t\t\t<div class=\"elementor-element elementor-element-e4bfec4 elementor-widget elementor-widget-heading\" data-id=\"e4bfec4\" data-element_type=\"widget\" data-widget_type=\"heading.default\">\n\t\t\t\t<div class=\"elementor-widget-container\">\n\t\t\t\t\t<h4 class=\"elementor-heading-title elementor-size-default\">KI\u015e KAPAMASI TENTELER\u0130<\/h4>\t\t\t\t<\/div>\n\t\t\t\t<\/div>\n\t\t\t\t<div class=\"elementor-element elementor-element-538341e elementor-widget elementor-widget-text-editor\" data-id=\"538341e\" data-element_type=\"widget\" data-widget_type=\"text-editor.default\">\n\t\t\t\t<div class=\"elementor-widget-container\">\n\t\t\t\t\t\t\t\t\t<div class=\"wrap mcb-wrap one valign-top clearfix\"><div class=\"mcb-wrap-inner\"><div class=\"column mcb-column one column_list \"><div class=\"list_item lists_1 clearfix\"><div class=\"animate fadeInUp\" data-anim-type=\"fadeInUp\"><div class=\"list_right\"><div class=\"desc\"><div class=\"wrap mcb-wrap one valign-top clearfix\"><div class=\"mcb-wrap-inner\"><div class=\"column mcb-column one column_list \"><div class=\"list_item lists_1 clearfix\"><div class=\"animate fadeInUp\" data-anim-type=\"fadeInUp\"><div class=\"list_right\"><div class=\"desc\"><b>\u015eeffaf brandalar ile k\u0131\u015f bah\u00e7esi haz\u0131rlama kapal\u0131 alanlar olu\u015fturma i\u015fleri yapmaktay\u0131z.<\/b><\/div><\/div><\/div><\/div><\/div><\/div><\/div><\/div><\/div><\/div><\/div><\/div><\/div><\/div>\t\t\t\t\t\t\t\t<\/div>\n\t\t\t\t<\/div>\n\t\t\t\t\t<\/div>\n\t\t\t\t<\/div>\n\t\t<div class=\"elementor-element elementor-element-7523318 e-flex e-con-boxed wpr-particle-no wpr-jarallax-no wpr-parallax-no wpr-sticky-section-no e-con e-parent\" data-id=\"7523318\" data-element_type=\"container\">\n\t\t\t\t\t<div class=\"e-con-inner\">\n\t\t\t\t<div class=\"elementor-element elementor-element-05b33cb elementor-widget elementor-widget-image-gallery\" data-id=\"05b33cb\" data-element_type=\"widget\" data-widget_type=\"image-gallery.default\">\n\t\t\t\t<div class=\"elementor-widget-container\">\n\t\t\t\t\t\t\t<div class=\"elementor-image-gallery\">\n\t\t\t<div id='gallery-1' class='gallery galleryid-172 gallery-columns-4 gallery-size-medium'><figure class='gallery-item'>\n\t\t\t<div class='gallery-icon landscape'>\n\t\t\t\t<a data-elementor-open-lightbox=\"yes\" data-elementor-lightbox-slideshow=\"05b33cb\" data-elementor-lightbox-title=\"kis (3)\" data-elementor-lightbox-description=\"\t\t\t\t\t\t\" data-e-action-hash=\"#elementor-action%3Aaction%3Dlightbox%26settings%3DeyJpZCI6MTc1LCJ1cmwiOiJodHRwczpcL1wvYnVyc2F0ZW50ZWJyYW5kYS5jb21cL3RyXC93cC1jb250ZW50XC91cGxvYWRzXC8yMDE5XC8wMlwva2lzLTMuanBnIiwic2xpZGVzaG93IjoiMDViMzNjYiJ9\" href='https:\/\/bursatentebranda.com\/tr\/wp-content\/uploads\/2019\/02\/kis-3.jpg'><img fetchpriority=\"high\" width=\"300\" height=\"200\" src=\"https:\/\/bursatentebranda.com\/tr\/wp-content\/uploads\/2019\/02\/kis-3-300x200.jpg\" class=\"attachment-medium size-medium\" alt=\"\" srcset=\"https:\/\/bursatentebranda.com\/tr\/wp-content\/uploads\/2019\/02\/kis-3-300x200.jpg 300w, https:\/\/bursatentebranda.com\/tr\/wp-content\/uploads\/2019\/02\/kis-3-768x512.jpg 768w, https:\/\/bursatentebranda.com\/tr\/wp-content\/uploads\/2019\/02\/kis-3-700x466.jpg 700w, https:\/\/bursatentebranda.com\/tr\/wp-content\/uploads\/2019\/02\/kis-3.jpg 800w\" sizes=\"(max-width: 300px) 100vw, 300px\" \/><\/a>\n\t\t\t<\/div><\/figure><figure class='gallery-item'>\n\t\t\t<div class='gallery-icon landscape'>\n\t\t\t\t<a data-elementor-open-lightbox=\"yes\" data-elementor-lightbox-slideshow=\"05b33cb\" data-elementor-lightbox-title=\"kis (2)\" data-elementor-lightbox-description=\"\t\t\t\t\t\t\" data-e-action-hash=\"#elementor-action%3Aaction%3Dlightbox%26settings%3DeyJpZCI6MTc0LCJ1cmwiOiJodHRwczpcL1wvYnVyc2F0ZW50ZWJyYW5kYS5jb21cL3RyXC93cC1jb250ZW50XC91cGxvYWRzXC8yMDE5XC8wMlwva2lzLTIuanBnIiwic2xpZGVzaG93IjoiMDViMzNjYiJ9\" href='https:\/\/bursatentebranda.com\/tr\/wp-content\/uploads\/2019\/02\/kis-2.jpg'><img width=\"300\" height=\"225\" src=\"https:\/\/bursatentebranda.com\/tr\/wp-content\/uploads\/2019\/02\/kis-2-300x225.jpg\" class=\"attachment-medium size-medium\" alt=\"\" srcset=\"https:\/\/bursatentebranda.com\/tr\/wp-content\/uploads\/2019\/02\/kis-2-300x225.jpg 300w, https:\/\/bursatentebranda.com\/tr\/wp-content\/uploads\/2019\/02\/kis-2.jpg 600w\" sizes=\"(max-width: 300px) 100vw, 300px\" \/><\/a>\n\t\t\t<\/div><\/figure><figure class='gallery-item'>\n\t\t\t<div class='gallery-icon landscape'>\n\t\t\t\t<a data-elementor-open-lightbox=\"yes\" data-elementor-lightbox-slideshow=\"05b33cb\" data-elementor-lightbox-title=\"kis (1)\" data-elementor-lightbox-description=\"\t\t\t\t\t\t\" data-e-action-hash=\"#elementor-action%3Aaction%3Dlightbox%26settings%3DeyJpZCI6MTczLCJ1cmwiOiJodHRwczpcL1wvYnVyc2F0ZW50ZWJyYW5kYS5jb21cL3RyXC93cC1jb250ZW50XC91cGxvYWRzXC8yMDE5XC8wMlwva2lzLTEuanBnIiwic2xpZGVzaG93IjoiMDViMzNjYiJ9\" href='https:\/\/bursatentebranda.com\/tr\/wp-content\/uploads\/2019\/02\/kis-1.jpg'><img width=\"300\" height=\"263\" src=\"https:\/\/bursatentebranda.com\/tr\/wp-content\/uploads\/2019\/02\/kis-1-300x263.jpg\" class=\"attachment-medium size-medium\" alt=\"\" srcset=\"https:\/\/bursatentebranda.com\/tr\/wp-content\/uploads\/2019\/02\/kis-1-300x263.jpg 300w, https:\/\/bursatentebranda.com\/tr\/wp-content\/uploads\/2019\/02\/kis-1.jpg 400w\" sizes=\"(max-width: 300px) 100vw, 300px\" \/><\/a>\n\t\t\t<\/div><\/figure><figure class='gallery-item'>\n\t\t\t<div class='gallery-icon landscape'>\n\t\t\t\t<a data-elementor-open-lightbox=\"yes\" data-elementor-lightbox-slideshow=\"05b33cb\" data-elementor-lightbox-title=\"kis (4)\" data-elementor-lightbox-description=\"\t\t\t\t\t\t\" data-e-action-hash=\"#elementor-action%3Aaction%3Dlightbox%26settings%3DeyJpZCI6MTc2LCJ1cmwiOiJodHRwczpcL1wvYnVyc2F0ZW50ZWJyYW5kYS5jb21cL3RyXC93cC1jb250ZW50XC91cGxvYWRzXC8yMDE5XC8wMlwva2lzLTQuanBnIiwic2xpZGVzaG93IjoiMDViMzNjYiJ9\" href='https:\/\/bursatentebranda.com\/tr\/wp-content\/uploads\/2019\/02\/kis-4.jpg'><img loading=\"lazy\" width=\"300\" height=\"200\" src=\"https:\/\/bursatentebranda.com\/tr\/wp-content\/uploads\/2019\/02\/kis-4-300x200.jpg\" class=\"attachment-medium size-medium\" alt=\"\" srcset=\"https:\/\/bursatentebranda.com\/tr\/wp-content\/uploads\/2019\/02\/kis-4-300x200.jpg 300w, https:\/\/bursatentebranda.com\/tr\/wp-content\/uploads\/2019\/02\/kis-4.jpg 600w\" sizes=\"(max-width: 300px) 100vw, 300px\" \/><\/a>\n\t\t\t<\/div><\/figure><figure class='gallery-item'>\n\t\t\t<div class='gallery-icon landscape'>\n\t\t\t\t<a data-elementor-open-lightbox=\"yes\" data-elementor-lightbox-slideshow=\"05b33cb\" data-elementor-lightbox-title=\"kis-(5)\" data-elementor-lightbox-description=\"\t\t\t\t\t\t\" data-e-action-hash=\"#elementor-action%3Aaction%3Dlightbox%26settings%3DeyJpZCI6MTE4MSwidXJsIjoiaHR0cHM6XC9cL2J1cnNhdGVudGVicmFuZGEuY29tXC90clwvd3AtY29udGVudFwvdXBsb2Fkc1wvMjAxOVwvMDJcL2tpcy01LmpwZyIsInNsaWRlc2hvdyI6IjA1YjMzY2IifQ%3D%3D\" href='https:\/\/bursatentebranda.com\/tr\/wp-content\/uploads\/2019\/02\/kis-5.jpg'><img loading=\"lazy\" width=\"300\" height=\"225\" src=\"https:\/\/bursatentebranda.com\/tr\/wp-content\/uploads\/2019\/02\/kis-5-300x225.jpg\" class=\"attachment-medium size-medium\" alt=\"\" srcset=\"https:\/\/bursatentebranda.com\/tr\/wp-content\/uploads\/2019\/02\/kis-5-300x225.jpg 300w, https:\/\/bursatentebranda.com\/tr\/wp-content\/uploads\/2019\/02\/kis-5.jpg 650w\" sizes=\"(max-width: 300px) 100vw, 300px\" \/><\/a>\n\t\t\t<\/div><\/figure><figure class='gallery-item'>\n\t\t\t<div class='gallery-icon landscape'>\n\t\t\t\t<a data-elementor-open-lightbox=\"yes\" data-elementor-lightbox-slideshow=\"05b33cb\" data-elementor-lightbox-title=\"kis (7)\" data-elementor-lightbox-description=\"\t\t\t\t\t\t\" data-e-action-hash=\"#elementor-action%3Aaction%3Dlightbox%26settings%3DeyJpZCI6MTc3LCJ1cmwiOiJodHRwczpcL1wvYnVyc2F0ZW50ZWJyYW5kYS5jb21cL3RyXC93cC1jb250ZW50XC91cGxvYWRzXC8yMDE5XC8wMlwva2lzLTcuanBnIiwic2xpZGVzaG93IjoiMDViMzNjYiJ9\" href='https:\/\/bursatentebranda.com\/tr\/wp-content\/uploads\/2019\/02\/kis-7.jpg'><img loading=\"lazy\" width=\"300\" height=\"225\" src=\"https:\/\/bursatentebranda.com\/tr\/wp-content\/uploads\/2019\/02\/kis-7-300x225.jpg\" class=\"attachment-medium size-medium\" alt=\"\" srcset=\"https:\/\/bursatentebranda.com\/tr\/wp-content\/uploads\/2019\/02\/kis-7-300x225.jpg 300w, https:\/\/bursatentebranda.com\/tr\/wp-content\/uploads\/2019\/02\/kis-7.jpg 360w\" sizes=\"(max-width: 300px) 100vw, 300px\" \/><\/a>\n\t\t\t<\/div><\/figure>\n\t\t<\/div>\n\t\t<\/div>\n\t\t\t\t\t\t<\/div>\n\t\t\t\t<\/div>\n\t\t\t\t\t<\/div>\n\t\t\t\t<\/div>\n\t\t<div class=\"elementor-element elementor-element-8dd6bab e-flex e-con-boxed wpr-particle-no wpr-jarallax-no wpr-parallax-no wpr-sticky-section-no e-con e-parent\" data-id=\"8dd6bab\" data-element_type=\"container\">\n\t\t\t\t\t<div class=\"e-con-inner\">\n\t\t\t\t<div class=\"elementor-element elementor-element-cbf056b elementor-widget elementor-widget-text-editor\" data-id=\"cbf056b\" data-element_type=\"widget\" data-widget_type=\"text-editor.default\">\n\t\t\t\t<div class=\"elementor-widget-container\">\n\t\t\t\t\t\t\t\t\t<h2 class=\"\" data-start=\"234\" data-end=\"303\">K\u0131\u015f Kapama Tenteleri: So\u011fuk Havaya Kar\u015f\u0131 S\u0131cak ve Konforlu Alanlar<\/h2><p class=\"\" data-start=\"305\" data-end=\"707\">A\u00e7\u0131k alanlar\u0131n\u0131z\u0131 k\u0131\u015f aylar\u0131nda da keyifle kullanmak istiyorsan\u0131z, <strong data-start=\"372\" data-end=\"396\">k\u0131\u015f kapama tenteleri<\/strong> tam size g\u00f6re. Ya\u011fmur, r\u00fczgar, kar ve so\u011fuk hava gibi d\u0131\u015f etkenlere kar\u015f\u0131 etkili koruma sa\u011flayan bu sistemler, \u00f6zellikle kafe, restoran ve teras gibi alanlarda d\u00f6rt mevsim konforlu bir kullan\u0131m sunar. <strong data-start=\"598\" data-end=\"622\">Bursatentebranda.com<\/strong> olarak, Bursa genelinde modern ve dayan\u0131kl\u0131 k\u0131\u015f kapama \u00e7\u00f6z\u00fcmleriyle hizmetinizdeyiz.<\/p><h3 class=\"\" data-start=\"709\" data-end=\"738\">K\u0131\u015f Kapama Tentesi Nedir?<\/h3><p class=\"\" data-start=\"740\" data-end=\"1017\">K\u0131\u015f kapama tenteleri, a\u00e7\u0131k alanlar\u0131n so\u011fuk hava ko\u015fullar\u0131na kar\u015f\u0131 korunmas\u0131n\u0131 sa\u011flayan \u015feffaf ya da opak brandalarla donat\u0131lm\u0131\u015f tente sistemleridir. Genellikle <strong data-start=\"900\" data-end=\"916\">rayl\u0131 sistem<\/strong>, <strong data-start=\"918\" data-end=\"938\">fermuarl\u0131 sistem<\/strong>, <strong data-start=\"940\" data-end=\"955\">sabit tente<\/strong> veya <strong data-start=\"961\" data-end=\"984\">motorlu dikey perde<\/strong> gibi se\u00e7eneklerle uygulanabilir.<\/p><p class=\"\" data-start=\"1019\" data-end=\"1181\">Yanlar \u015feffaf branda ile kapat\u0131l\u0131rken, \u00fcst k\u0131s\u0131mda sabit ya da hareketli bir tente yer al\u0131r. Bu sistem sayesinde a\u00e7\u0131k alanlar adeta kapal\u0131 mek\u00e2n konforuna ula\u015f\u0131r.<\/p><h3 class=\"\" data-start=\"1183\" data-end=\"1229\">K\u0131\u015f Kapama Sistemlerinin Kullan\u0131m Alanlar\u0131<\/h3><ul data-start=\"1231\" data-end=\"1667\"><li class=\"\" data-start=\"1231\" data-end=\"1337\"><p class=\"\" data-start=\"1233\" data-end=\"1337\">\u2615 <strong data-start=\"1235\" data-end=\"1261\">Kafeler ve restoranlar<\/strong>: D\u0131\u015f alanlar\u0131n\u0131 so\u011fuk havalarda da m\u00fc\u015fterilere sunmak isteyen i\u015fletmeler.<\/p><\/li><li class=\"\" data-start=\"1338\" data-end=\"1440\"><p class=\"\" data-start=\"1340\" data-end=\"1440\">\ud83c\udfe1 <strong data-start=\"1343\" data-end=\"1372\">Ev teraslar\u0131 ve balkonlar<\/strong>: Aile bireylerinin y\u0131l boyunca kullanabilece\u011fi korunakl\u0131 alanlar.<\/p><\/li><li class=\"\" data-start=\"1441\" data-end=\"1553\"><p class=\"\" data-start=\"1443\" data-end=\"1553\">\ud83c\udfe2 <strong data-start=\"1446\" data-end=\"1478\">Ofis ya da i\u015fletme giri\u015fleri<\/strong>: Bekleme ya da sigara i\u00e7me alan\u0131 olarak kullan\u0131labilecek kapal\u0131 alanlar.<\/p><\/li><li class=\"\" data-start=\"1554\" data-end=\"1667\"><p class=\"\" data-start=\"1556\" data-end=\"1667\">\ud83c\udfe8 <strong data-start=\"1559\" data-end=\"1589\">Otel lobileri ve bah\u00e7eleri<\/strong>: Misafirler i\u00e7in s\u0131cak ve konforlu bekleme alanlar\u0131 yaratmak isteyen oteller.<\/p><\/li><\/ul><h3 class=\"\" data-start=\"1669\" data-end=\"1708\">K\u0131\u015f Kapama Tentelerinin Avantajlar\u0131<\/h3><ul data-start=\"1710\" data-end=\"2306\"><li class=\"\" data-start=\"1710\" data-end=\"1818\"><p class=\"\" data-start=\"1712\" data-end=\"1818\">\u2705 <strong data-start=\"1714\" data-end=\"1745\">D\u00f6rt mevsim kullan\u0131m imkan\u0131<\/strong>: Yaz\u0131n a\u00e7\u0131larak havadar alan, k\u0131\u015f\u0131n kapat\u0131larak korunakl\u0131 alan sa\u011flar.<\/p><\/li><li class=\"\" data-start=\"1819\" data-end=\"1905\"><p class=\"\" data-start=\"1821\" data-end=\"1905\">\u2705 <strong data-start=\"1823\" data-end=\"1849\">\u015eeffaf branda se\u00e7ene\u011fi<\/strong>: D\u0131\u015f ortamla g\u00f6rsel ba\u011flant\u0131 kopmadan korunma sa\u011flar.<\/p><\/li><li class=\"\" data-start=\"1906\" data-end=\"2016\"><p class=\"\" data-start=\"1908\" data-end=\"2016\">\u2705 <strong data-start=\"1910\" data-end=\"1940\">Su ve r\u00fczgar ge\u00e7irmez yap\u0131<\/strong>: Dayan\u0131kl\u0131 PVC brandalar sayesinde ya\u011fmur ve r\u00fczgara kar\u015f\u0131 y\u00fcksek koruma.<\/p><\/li><li class=\"\" data-start=\"2017\" data-end=\"2110\"><p class=\"\" data-start=\"2019\" data-end=\"2110\">\u2705 <strong data-start=\"2021\" data-end=\"2048\">Enerji tasarrufu sa\u011flar<\/strong>: Is\u0131t\u0131c\u0131larla birlikte kullan\u0131ld\u0131\u011f\u0131nda \u0131s\u0131y\u0131 i\u00e7eride tutar.<\/p><\/li><li class=\"\" data-start=\"2111\" data-end=\"2199\"><p class=\"\" data-start=\"2113\" data-end=\"2199\">\u2705 <strong data-start=\"2115\" data-end=\"2134\">Estetik g\u00f6r\u00fcn\u00fcm<\/strong>: Mek\u00e2n\u0131n\u0131za de\u011fer katar, \u015f\u0131k ve profesyonel bir g\u00f6r\u00fcn\u00fcm sunar.<\/p><\/li><li class=\"\" data-start=\"2200\" data-end=\"2306\"><p class=\"\" data-start=\"2202\" data-end=\"2306\">\u2705 <strong data-start=\"2204\" data-end=\"2222\">Mod\u00fcler sistem<\/strong>: \u0130stenildi\u011finde a\u00e7\u0131l\u0131r-kapan\u0131r yap\u0131ya sahiptir, sabit sistemlerle de uygulanabilir.<\/p><\/li><\/ul><h3 class=\"\" data-start=\"2308\" data-end=\"2359\">Bursa\u2019da K\u0131\u015fl\u0131k Alan Kapatma Hizmetinde Uzman\u0131z<\/h3><p class=\"\" data-start=\"2361\" data-end=\"2554\"><strong data-start=\"2361\" data-end=\"2385\">Bursatentebranda.com<\/strong> olarak, hem konutlara hem de ticari i\u015fletmelere \u00f6zel k\u0131\u015f kapama \u00e7\u00f6z\u00fcmleri sunuyoruz. Alan\u0131n\u0131za en uygun \u00e7\u00f6z\u00fcm\u00fc belirlemek i\u00e7in \u00fccretsiz ke\u015fif ve \u00f6l\u00e7\u00fc hizmeti veriyoruz.<\/p><p class=\"\" data-start=\"2556\" data-end=\"2577\">Sundu\u011fumuz hizmetler:<\/p><ul data-start=\"2579\" data-end=\"2757\"><li class=\"\" data-start=\"2579\" data-end=\"2616\"><p class=\"\" data-start=\"2581\" data-end=\"2616\">\ud83d\udccf \u00dccretsiz ke\u015fif &amp; projelendirme<\/p><\/li><li class=\"\" data-start=\"2617\" data-end=\"2642\"><p class=\"\" data-start=\"2619\" data-end=\"2642\">\ud83e\uddf5 \u00d6zel \u00f6l\u00e7\u00fcde imalat<\/p><\/li><li class=\"\" data-start=\"2643\" data-end=\"2677\"><p class=\"\" data-start=\"2645\" data-end=\"2677\">\ud83d\udd27 Profesyonel ve h\u0131zl\u0131 montaj<\/p><\/li><li class=\"\" data-start=\"2678\" data-end=\"2718\"><p class=\"\" data-start=\"2680\" data-end=\"2718\">\ud83c\udfa8 Farkl\u0131 renk ve branda se\u00e7enekleri<\/p><\/li><li class=\"\" data-start=\"2719\" data-end=\"2757\"><p class=\"\" data-start=\"2721\" data-end=\"2757\">\ud83d\udee0\ufe0f Servis, bak\u0131m ve teknik destek<\/p><\/li><\/ul><hr class=\"\" data-start=\"2759\" data-end=\"2762\" \/><h2 class=\"\" data-start=\"2764\" data-end=\"2793\">Siz de K\u0131\u015fa Haz\u0131r m\u0131s\u0131n\u0131z?<\/h2><p class=\"\" data-start=\"2795\" data-end=\"2980\">So\u011fuk havalarda a\u00e7\u0131k alanlar\u0131n\u0131z\u0131 kullanmaya devam etmek, konfor ve koruma sa\u011flamak i\u00e7in bizimle ileti\u015fime ge\u00e7in. <strong data-start=\"2909\" data-end=\"2964\">Bursa\u2019n\u0131n k\u0131\u015f\u0131na kar\u015f\u0131 en \u015f\u0131k ve dayan\u0131kl\u0131 \u00e7\u00f6z\u00fcmler<\/strong> i\u00e7in buraday\u0131z.<\/p><p class=\"\" data-start=\"2982\" data-end=\"3092\">\ud83d\udcde <strong data-start=\"2985\" data-end=\"2998\">\u0130leti\u015fim: <\/strong><a href=\"tel:05366533462\">0536 653 34 62<\/a><\/p><p class=\"\" data-start=\"2982\" data-end=\"3092\">\ud83c\udf10 <strong data-start=\"3024\" data-end=\"3032\">Web:<\/strong> <a class=\"\" href=\"http:\/\/www.bursatentebranda.com\" target=\"_new\" rel=\"noopener\" data-start=\"3033\" data-end=\"3092\">www.bursatentebranda.com<\/a><\/p>\t\t\t\t\t\t\t\t<\/div>\n\t\t\t\t<\/div>\n\t\t\t\t\t<\/div>\n\t\t\t\t<\/div>\n\t\t\t\t<\/div>\n\t\t","protected":false},"excerpt":{"rendered":"<p>BURSA TENTE BRANDA \u00c7ADIR Tel: 0224 251 82 23 &#8211; Gsm: 0536 653 34 62 &#8211; Gsm: 0531 200 44 84 KI\u015e KAPAMASI TENTELER\u0130 \u015eeffaf brandalar ile k\u0131\u015f bah\u00e7esi haz\u0131rlama kapal\u0131 alanlar olu\u015fturma i\u015fleri yapmaktay\u0131z. K\u0131\u015f Kapama Tenteleri: So\u011fuk Havaya Kar\u015f\u0131 S\u0131cak ve Konforlu Alanlar A\u00e7\u0131k alanlar\u0131n\u0131z\u0131 k\u0131\u015f aylar\u0131nda da keyifle kullanmak istiyorsan\u0131z, k\u0131\u015f kapama tenteleri tam size g\u00f6re. Ya\u011fmur, r\u00fczgar, kar ve so\u011fuk hava gibi d\u0131\u015f etkenlere kar\u015f\u0131 etkili koruma sa\u011flayan bu sistemler, \u00f6zellikle kafe, restoran ve teras gibi alanlarda d\u00f6rt mevsim konforlu bir kullan\u0131m sunar. Bursatentebranda.com olarak, Bursa genelinde modern ve dayan\u0131kl\u0131 k\u0131\u015f kapama \u00e7\u00f6z\u00fcmleriyle hizmetinizdeyiz. K\u0131\u015f Kapama Tentesi Nedir? K\u0131\u015f kapama tenteleri, a\u00e7\u0131k alanlar\u0131n so\u011fuk hava ko\u015fullar\u0131na kar\u015f\u0131 korunmas\u0131n\u0131 sa\u011flayan \u015feffaf ya da opak brandalarla donat\u0131lm\u0131\u015f tente sistemleridir. Genellikle rayl\u0131 sistem, fermuarl\u0131 sistem, sabit tente veya motorlu dikey perde gibi se\u00e7eneklerle uygulanabilir. Yanlar \u015feffaf branda ile kapat\u0131l\u0131rken, \u00fcst k\u0131s\u0131mda sabit ya da hareketli bir tente yer al\u0131r. Bu sistem sayesinde a\u00e7\u0131k alanlar adeta kapal\u0131 mek\u00e2n konforuna ula\u015f\u0131r. K\u0131\u015f Kapama Sistemlerinin Kullan\u0131m Alanlar\u0131 \u2615 Kafeler ve restoranlar: D\u0131\u015f alanlar\u0131n\u0131 so\u011fuk havalarda da m\u00fc\u015fterilere sunmak isteyen i\u015fletmeler. \ud83c\udfe1 Ev teraslar\u0131 ve balkonlar: Aile bireylerinin y\u0131l boyunca kullanabilece\u011fi korunakl\u0131 alanlar. \ud83c\udfe2 Ofis ya da i\u015fletme giri\u015fleri: Bekleme ya da sigara i\u00e7me alan\u0131 olarak kullan\u0131labilecek kapal\u0131 alanlar. \ud83c\udfe8 Otel lobileri ve bah\u00e7eleri: Misafirler i\u00e7in s\u0131cak ve konforlu bekleme alanlar\u0131 yaratmak isteyen oteller. K\u0131\u015f Kapama Tentelerinin Avantajlar\u0131 \u2705 D\u00f6rt mevsim kullan\u0131m imkan\u0131: Yaz\u0131n a\u00e7\u0131larak havadar alan, k\u0131\u015f\u0131n kapat\u0131larak korunakl\u0131 alan sa\u011flar. \u2705 \u015eeffaf branda se\u00e7ene\u011fi: D\u0131\u015f ortamla g\u00f6rsel ba\u011flant\u0131 kopmadan korunma sa\u011flar. \u2705 Su ve r\u00fczgar ge\u00e7irmez yap\u0131: Dayan\u0131kl\u0131 PVC brandalar sayesinde ya\u011fmur ve r\u00fczgara kar\u015f\u0131 y\u00fcksek koruma. \u2705 Enerji tasarrufu sa\u011flar: Is\u0131t\u0131c\u0131larla birlikte kullan\u0131ld\u0131\u011f\u0131nda \u0131s\u0131y\u0131 i\u00e7eride tutar. \u2705 Estetik g\u00f6r\u00fcn\u00fcm: Mek\u00e2n\u0131n\u0131za de\u011fer katar, \u015f\u0131k ve profesyonel bir g\u00f6r\u00fcn\u00fcm sunar. \u2705 Mod\u00fcler sistem: \u0130stenildi\u011finde a\u00e7\u0131l\u0131r-kapan\u0131r yap\u0131ya sahiptir, sabit sistemlerle de uygulanabilir. Bursa\u2019da K\u0131\u015fl\u0131k Alan Kapatma Hizmetinde Uzman\u0131z Bursatentebranda.com olarak, hem konutlara hem de ticari i\u015fletmelere \u00f6zel k\u0131\u015f kapama \u00e7\u00f6z\u00fcmleri sunuyoruz. Alan\u0131n\u0131za en uygun \u00e7\u00f6z\u00fcm\u00fc belirlemek i\u00e7in \u00fccretsiz ke\u015fif ve \u00f6l\u00e7\u00fc hizmeti veriyoruz. Sundu\u011fumuz hizmetler: \ud83d\udccf \u00dccretsiz ke\u015fif &amp; projelendirme \ud83e\uddf5 \u00d6zel \u00f6l\u00e7\u00fcde imalat \ud83d\udd27 Profesyonel ve h\u0131zl\u0131 montaj \ud83c\udfa8 Farkl\u0131 renk ve branda se\u00e7enekleri \ud83d\udee0\ufe0f Servis, bak\u0131m ve teknik destek Siz de K\u0131\u015fa Haz\u0131r m\u0131s\u0131n\u0131z? So\u011fuk havalarda a\u00e7\u0131k alanlar\u0131n\u0131z\u0131 kullanmaya devam etmek, konfor ve koruma sa\u011flamak i\u00e7in bizimle ileti\u015fime ge\u00e7in. Bursa\u2019n\u0131n k\u0131\u015f\u0131na kar\u015f\u0131 en \u015f\u0131k ve dayan\u0131kl\u0131 \u00e7\u00f6z\u00fcmler i\u00e7in buraday\u0131z. \ud83d\udcde \u0130leti\u015fim: 0536 653 34 62 \ud83c\udf10 Web: www.bursatentebranda.com<\/p>\n","protected":false},"author":1,"featured_media":177,"parent":0,"menu_order":0,"comment_status":"open","ping_status":"closed","template":"elementor_header_footer","meta":{"_kadence_starter_templates_imported_post":false,"_kad_post_transparent":"","_kad_post_title":"","_kad_post_layout":"","_kad_post_sidebar_id":"","_kad_post_content_style":"","_kad_post_vertical_padding":"","_kad_post_feature":"","_kad_post_feature_position":"","_kad_post_header":false,"_kad_post_footer":false,"footnotes":""},"class_list":["post-172","page","type-page","status-publish","has-post-thumbnail","hentry"],"_links":{"self":[{"href":"http:\/\/bursatentebranda.com\/tr\/wp-json\/wp\/v2\/pages\/172","targetHints":{"allow":["GET"]}}],"collection":[{"href":"http:\/\/bursatentebranda.com\/tr\/wp-json\/wp\/v2\/pages"}],"about":[{"href":"http:\/\/bursatentebranda.com\/tr\/wp-json\/wp\/v2\/types\/page"}],"author":[{"embeddable":true,"href":"http:\/\/bursatentebranda.com\/tr\/wp-json\/wp\/v2\/users\/1"}],"replies":[{"embeddable":true,"href":"http:\/\/bursatentebranda.com\/tr\/wp-json\/wp\/v2\/comments?post=172"}],"version-history":[{"count":7,"href":"http:\/\/bursatentebranda.com\/tr\/wp-json\/wp\/v2\/pages\/172\/revisions"}],"predecessor-version":[{"id":1352,"href":"http:\/\/bursatentebranda.com\/tr\/wp-json\/wp\/v2\/pages\/172\/revisions\/1352"}],"wp:featuredmedia":[{"embeddable":true,"href":"http:\/\/bursatentebranda.com\/tr\/wp-json\/wp\/v2\/media\/177"}],"wp:attachment":[{"href":"http:\/\/bursatentebranda.com\/tr\/wp-json\/wp\/v2\/media?parent=172"}],"curies":[{"name":"wp","href":"https:\/\/api.w.org\/{rel}","templated":true}]}}