{"id":180,"date":"2019-02-03T16:26:34","date_gmt":"2019-02-03T13:26:34","guid":{"rendered":"http:\/\/bursatentebranda.com\/tr\/?page_id=180"},"modified":"2025-05-17T11:06:14","modified_gmt":"2025-05-17T08:06:14","slug":"kamyonet-tenteleri","status":"publish","type":"page","link":"http:\/\/bursatentebranda.com\/tr\/kamyonet-tenteleri\/","title":{"rendered":"KAMYONET TENTELER\u0130"},"content":{"rendered":"\t\t<div data-elementor-type=\"wp-page\" data-elementor-id=\"180\" class=\"elementor elementor-180\">\n\t\t\t\t<div class=\"elementor-element elementor-element-c8d858a e-flex e-con-boxed wpr-particle-no wpr-jarallax-no wpr-parallax-no wpr-sticky-section-no e-con e-parent\" data-id=\"c8d858a\" data-element_type=\"container\" data-settings=\"{&quot;background_background&quot;:&quot;classic&quot;}\">\n\t\t\t\t\t<div class=\"e-con-inner\">\n\t\t\t\t<div class=\"elementor-element elementor-element-6c95eff elementor-widget elementor-widget-heading\" data-id=\"6c95eff\" data-element_type=\"widget\" data-widget_type=\"heading.default\">\n\t\t\t\t<div class=\"elementor-widget-container\">\n\t\t\t\t\t<h2 class=\"elementor-heading-title elementor-size-default\">BURSA TENTE BRANDA \u00c7ADIR<\/h2>\t\t\t\t<\/div>\n\t\t\t\t<\/div>\n\t\t\t\t<div class=\"elementor-element elementor-element-5a2c75f elementor-widget elementor-widget-heading\" data-id=\"5a2c75f\" data-element_type=\"widget\" data-widget_type=\"heading.default\">\n\t\t\t\t<div class=\"elementor-widget-container\">\n\t\t\t\t\t<h5 class=\"elementor-heading-title elementor-size-default\">Tel: 0224 251 82 23 - Gsm: 0536 653 34 62 - Gsm: 0531 200 44 84\n<\/h5>\t\t\t\t<\/div>\n\t\t\t\t<\/div>\n\t\t\t\t\t<\/div>\n\t\t\t\t<\/div>\n\t\t<div class=\"elementor-element elementor-element-fff2a58 e-flex e-con-boxed wpr-particle-no wpr-jarallax-no wpr-parallax-no wpr-sticky-section-no e-con e-parent\" data-id=\"fff2a58\" data-element_type=\"container\">\n\t\t\t\t\t<div class=\"e-con-inner\">\n\t\t\t\t<div class=\"elementor-element elementor-element-66078ba elementor-widget elementor-widget-heading\" data-id=\"66078ba\" data-element_type=\"widget\" data-widget_type=\"heading.default\">\n\t\t\t\t<div class=\"elementor-widget-container\">\n\t\t\t\t\t<h4 class=\"elementor-heading-title elementor-size-default\">KAMYONET TENTELER\u0130<\/h4>\t\t\t\t<\/div>\n\t\t\t\t<\/div>\n\t\t\t\t<div class=\"elementor-element elementor-element-23bd5d7 elementor-widget elementor-widget-text-editor\" data-id=\"23bd5d7\" data-element_type=\"widget\" data-widget_type=\"text-editor.default\">\n\t\t\t\t<div class=\"elementor-widget-container\">\n\t\t\t\t\t\t\t\t\t<div class=\"wrap mcb-wrap one valign-top clearfix\"><div class=\"mcb-wrap-inner\"><div class=\"column mcb-column one column_list \"><div class=\"list_item lists_1 clearfix\"><div class=\"animate fadeInUp\" data-anim-type=\"fadeInUp\"><div class=\"list_right\"><div class=\"desc\"><div class=\"wrap mcb-wrap one valign-top clearfix\"><div class=\"mcb-wrap-inner\"><div class=\"column mcb-column one column_list \"><div class=\"list_item lists_1 clearfix\"><div class=\"animate fadeInUp\" data-anim-type=\"fadeInUp\"><div class=\"list_right\"><div class=\"desc\"><b>Kamyon ve kamyonet kasalar\u0131n\u0131n branda ile kapat\u0131lmas\u0131 i\u015flemini yapmaktay\u0131z.<\/b><\/div><\/div><\/div><\/div><\/div><\/div><\/div><\/div><\/div><\/div><\/div><\/div><\/div><\/div>\t\t\t\t\t\t\t\t<\/div>\n\t\t\t\t<\/div>\n\t\t\t\t\t<\/div>\n\t\t\t\t<\/div>\n\t\t<div class=\"elementor-element elementor-element-16958f3 e-flex e-con-boxed wpr-particle-no wpr-jarallax-no wpr-parallax-no wpr-sticky-section-no e-con e-parent\" data-id=\"16958f3\" data-element_type=\"container\">\n\t\t\t\t\t<div class=\"e-con-inner\">\n\t\t\t\t<div class=\"elementor-element elementor-element-1743c68 elementor-widget elementor-widget-image-gallery\" data-id=\"1743c68\" data-element_type=\"widget\" data-widget_type=\"image-gallery.default\">\n\t\t\t\t<div class=\"elementor-widget-container\">\n\t\t\t\t\t\t\t<div class=\"elementor-image-gallery\">\n\t\t\t<div id='gallery-1' class='gallery galleryid-180 gallery-columns-4 gallery-size-medium'><figure class='gallery-item'>\n\t\t\t<div class='gallery-icon landscape'>\n\t\t\t\t<a data-elementor-open-lightbox=\"yes\" data-elementor-lightbox-slideshow=\"1743c68\" data-elementor-lightbox-title=\"kamyon (6)\" data-elementor-lightbox-description=\"\t\t\t\t\t\t\" data-e-action-hash=\"#elementor-action%3Aaction%3Dlightbox%26settings%3DeyJpZCI6MTE4NCwidXJsIjoiaHR0cHM6XC9cL2J1cnNhdGVudGVicmFuZGEuY29tXC90clwvd3AtY29udGVudFwvdXBsb2Fkc1wvMjAxOVwvMDJcL2thbXlvbi02LmpwZyIsInNsaWRlc2hvdyI6IjE3NDNjNjgifQ%3D%3D\" href='https:\/\/bursatentebranda.com\/tr\/wp-content\/uploads\/2019\/02\/kamyon-6.jpg'><img fetchpriority=\"high\" width=\"300\" height=\"197\" src=\"https:\/\/bursatentebranda.com\/tr\/wp-content\/uploads\/2019\/02\/kamyon-6-300x197.jpg\" class=\"attachment-medium size-medium\" alt=\"\" srcset=\"https:\/\/bursatentebranda.com\/tr\/wp-content\/uploads\/2019\/02\/kamyon-6-300x197.jpg 300w, https:\/\/bursatentebranda.com\/tr\/wp-content\/uploads\/2019\/02\/kamyon-6.jpg 500w\" sizes=\"(max-width: 300px) 100vw, 300px\" \/><\/a>\n\t\t\t<\/div><\/figure><figure class='gallery-item'>\n\t\t\t<div class='gallery-icon landscape'>\n\t\t\t\t<a data-elementor-open-lightbox=\"yes\" data-elementor-lightbox-slideshow=\"1743c68\" data-elementor-lightbox-title=\"kamyon (5)\" data-elementor-lightbox-description=\"\t\t\t\t\t\t\" data-e-action-hash=\"#elementor-action%3Aaction%3Dlightbox%26settings%3DeyJpZCI6MTg1LCJ1cmwiOiJodHRwczpcL1wvYnVyc2F0ZW50ZWJyYW5kYS5jb21cL3RyXC93cC1jb250ZW50XC91cGxvYWRzXC8yMDE5XC8wMlwva2FteW9uLTUuanBnIiwic2xpZGVzaG93IjoiMTc0M2M2OCJ9\" href='https:\/\/bursatentebranda.com\/tr\/wp-content\/uploads\/2019\/02\/kamyon-5.jpg'><img width=\"300\" height=\"225\" src=\"https:\/\/bursatentebranda.com\/tr\/wp-content\/uploads\/2019\/02\/kamyon-5-300x225.jpg\" class=\"attachment-medium size-medium\" alt=\"\" srcset=\"https:\/\/bursatentebranda.com\/tr\/wp-content\/uploads\/2019\/02\/kamyon-5-300x225.jpg 300w, https:\/\/bursatentebranda.com\/tr\/wp-content\/uploads\/2019\/02\/kamyon-5.jpg 650w\" sizes=\"(max-width: 300px) 100vw, 300px\" \/><\/a>\n\t\t\t<\/div><\/figure><figure class='gallery-item'>\n\t\t\t<div class='gallery-icon landscape'>\n\t\t\t\t<a data-elementor-open-lightbox=\"yes\" data-elementor-lightbox-slideshow=\"1743c68\" data-elementor-lightbox-title=\"kamyon (4)\" data-elementor-lightbox-description=\"\t\t\t\t\t\t\" data-e-action-hash=\"#elementor-action%3Aaction%3Dlightbox%26settings%3DeyJpZCI6MTE4MywidXJsIjoiaHR0cHM6XC9cL2J1cnNhdGVudGVicmFuZGEuY29tXC90clwvd3AtY29udGVudFwvdXBsb2Fkc1wvMjAxOVwvMDJcL2thbXlvbi00LmpwZyIsInNsaWRlc2hvdyI6IjE3NDNjNjgifQ%3D%3D\" href='https:\/\/bursatentebranda.com\/tr\/wp-content\/uploads\/2019\/02\/kamyon-4.jpg'><img width=\"300\" height=\"225\" src=\"https:\/\/bursatentebranda.com\/tr\/wp-content\/uploads\/2019\/02\/kamyon-4-300x225.jpg\" class=\"attachment-medium size-medium\" alt=\"\" srcset=\"https:\/\/bursatentebranda.com\/tr\/wp-content\/uploads\/2019\/02\/kamyon-4-300x225.jpg 300w, https:\/\/bursatentebranda.com\/tr\/wp-content\/uploads\/2019\/02\/kamyon-4.jpg 320w\" sizes=\"(max-width: 300px) 100vw, 300px\" \/><\/a>\n\t\t\t<\/div><\/figure><figure class='gallery-item'>\n\t\t\t<div class='gallery-icon landscape'>\n\t\t\t\t<a data-elementor-open-lightbox=\"yes\" data-elementor-lightbox-slideshow=\"1743c68\" data-elementor-lightbox-title=\"kamyon (3)\" data-elementor-lightbox-description=\"\t\t\t\t\t\t\" data-e-action-hash=\"#elementor-action%3Aaction%3Dlightbox%26settings%3DeyJpZCI6MTgzLCJ1cmwiOiJodHRwczpcL1wvYnVyc2F0ZW50ZWJyYW5kYS5jb21cL3RyXC93cC1jb250ZW50XC91cGxvYWRzXC8yMDE5XC8wMlwva2FteW9uLTMuanBnIiwic2xpZGVzaG93IjoiMTc0M2M2OCJ9\" href='https:\/\/bursatentebranda.com\/tr\/wp-content\/uploads\/2019\/02\/kamyon-3.jpg'><img loading=\"lazy\" width=\"300\" height=\"225\" src=\"https:\/\/bursatentebranda.com\/tr\/wp-content\/uploads\/2019\/02\/kamyon-3-300x225.jpg\" class=\"attachment-medium size-medium\" alt=\"\" srcset=\"https:\/\/bursatentebranda.com\/tr\/wp-content\/uploads\/2019\/02\/kamyon-3-300x225.jpg 300w, https:\/\/bursatentebranda.com\/tr\/wp-content\/uploads\/2019\/02\/kamyon-3-768x576.jpg 768w, https:\/\/bursatentebranda.com\/tr\/wp-content\/uploads\/2019\/02\/kamyon-3-700x525.jpg 700w, https:\/\/bursatentebranda.com\/tr\/wp-content\/uploads\/2019\/02\/kamyon-3.jpg 800w\" sizes=\"(max-width: 300px) 100vw, 300px\" \/><\/a>\n\t\t\t<\/div><\/figure><figure class='gallery-item'>\n\t\t\t<div class='gallery-icon landscape'>\n\t\t\t\t<a data-elementor-open-lightbox=\"yes\" data-elementor-lightbox-slideshow=\"1743c68\" data-elementor-lightbox-title=\"kamyon (2)\" data-elementor-lightbox-description=\"\t\t\t\t\t\t\" data-e-action-hash=\"#elementor-action%3Aaction%3Dlightbox%26settings%3DeyJpZCI6MTE4MiwidXJsIjoiaHR0cHM6XC9cL2J1cnNhdGVudGVicmFuZGEuY29tXC90clwvd3AtY29udGVudFwvdXBsb2Fkc1wvMjAxOVwvMDJcL2thbXlvbi0yLmpwZyIsInNsaWRlc2hvdyI6IjE3NDNjNjgifQ%3D%3D\" href='https:\/\/bursatentebranda.com\/tr\/wp-content\/uploads\/2019\/02\/kamyon-2.jpg'><img loading=\"lazy\" width=\"300\" height=\"189\" src=\"https:\/\/bursatentebranda.com\/tr\/wp-content\/uploads\/2019\/02\/kamyon-2-300x189.jpg\" class=\"attachment-medium size-medium\" alt=\"\" srcset=\"https:\/\/bursatentebranda.com\/tr\/wp-content\/uploads\/2019\/02\/kamyon-2-300x189.jpg 300w, https:\/\/bursatentebranda.com\/tr\/wp-content\/uploads\/2019\/02\/kamyon-2.jpg 520w\" sizes=\"(max-width: 300px) 100vw, 300px\" \/><\/a>\n\t\t\t<\/div><\/figure><figure class='gallery-item'>\n\t\t\t<div class='gallery-icon landscape'>\n\t\t\t\t<a data-elementor-open-lightbox=\"yes\" data-elementor-lightbox-slideshow=\"1743c68\" data-elementor-lightbox-title=\"kamyon (1)\" data-elementor-lightbox-description=\"\t\t\t\t\t\t\" data-e-action-hash=\"#elementor-action%3Aaction%3Dlightbox%26settings%3DeyJpZCI6MTgxLCJ1cmwiOiJodHRwczpcL1wvYnVyc2F0ZW50ZWJyYW5kYS5jb21cL3RyXC93cC1jb250ZW50XC91cGxvYWRzXC8yMDE5XC8wMlwva2FteW9uLTEuanBnIiwic2xpZGVzaG93IjoiMTc0M2M2OCJ9\" href='https:\/\/bursatentebranda.com\/tr\/wp-content\/uploads\/2019\/02\/kamyon-1.jpg'><img loading=\"lazy\" width=\"300\" height=\"200\" src=\"https:\/\/bursatentebranda.com\/tr\/wp-content\/uploads\/2019\/02\/kamyon-1-300x200.jpg\" class=\"attachment-medium size-medium\" alt=\"\" srcset=\"https:\/\/bursatentebranda.com\/tr\/wp-content\/uploads\/2019\/02\/kamyon-1-300x200.jpg 300w, https:\/\/bursatentebranda.com\/tr\/wp-content\/uploads\/2019\/02\/kamyon-1.jpg 550w\" sizes=\"(max-width: 300px) 100vw, 300px\" \/><\/a>\n\t\t\t<\/div><\/figure>\n\t\t<\/div>\n\t\t<\/div>\n\t\t\t\t\t\t<\/div>\n\t\t\t\t<\/div>\n\t\t\t\t\t<\/div>\n\t\t\t\t<\/div>\n\t\t<div class=\"elementor-element elementor-element-077c012 e-flex e-con-boxed wpr-particle-no wpr-jarallax-no wpr-parallax-no wpr-sticky-section-no e-con e-parent\" data-id=\"077c012\" data-element_type=\"container\">\n\t\t\t\t\t<div class=\"e-con-inner\">\n\t\t\t\t<div class=\"elementor-element elementor-element-2c73f65 elementor-widget elementor-widget-text-editor\" data-id=\"2c73f65\" data-element_type=\"widget\" data-widget_type=\"text-editor.default\">\n\t\t\t\t<div class=\"elementor-widget-container\">\n\t\t\t\t\t\t\t\t\t<h2 class=\"\" data-start=\"243\" data-end=\"308\">Kamyonet Tenteleri: Y\u00fck Ta\u015f\u0131mac\u0131l\u0131\u011f\u0131nda Koruma ve Dayan\u0131kl\u0131l\u0131k<\/h2><p class=\"\" data-start=\"310\" data-end=\"656\">Nakliye sekt\u00f6r\u00fcnde en \u00f6nemli unsurlardan biri, ta\u015f\u0131nan y\u00fcklerin d\u0131\u015f etkenlerden korunmas\u0131d\u0131r. <strong data-start=\"404\" data-end=\"426\">Kamyonet tenteleri<\/strong>, bu ihtiyac\u0131 kar\u015f\u0131lamak \u00fczere \u00f6zel olarak tasarlanm\u0131\u015f dayan\u0131kl\u0131 branda sistemleridir. Hem hafif ticari ara\u00e7lar hem de orta \u00f6l\u00e7ekli kamyonetler i\u00e7in ideal olan bu tenteler, ta\u015f\u0131ma g\u00fcvenli\u011fini art\u0131r\u0131r ve uzun \u00f6m\u00fcrl\u00fc kullan\u0131m sunar.<\/p><p class=\"\" data-start=\"658\" data-end=\"893\"><strong data-start=\"658\" data-end=\"706\">Bursa merkezli firmam\u0131z bursatentebranda.com<\/strong>, kamyonet tentelerinde kaliteli malzeme ve uzman i\u015f\u00e7ilikle hizmet vermektedir. Geni\u015f \u00fcr\u00fcn yelpazemiz ve \u00f6zelle\u015ftirilebilir \u00e7\u00f6z\u00fcmlerimiz ile y\u00fck ta\u015f\u0131mac\u0131l\u0131\u011f\u0131 art\u0131k daha g\u00fcvenli ve pratik.<\/p><hr class=\"\" data-start=\"895\" data-end=\"898\" \/><h3 class=\"\" data-start=\"900\" data-end=\"927\">Kamyonet Tentesi Nedir?<\/h3><p class=\"\" data-start=\"929\" data-end=\"1254\">Kamyonet tenteleri, a\u00e7\u0131k kasa kamyonetlerin \u00fczerine monte edilen, <strong data-start=\"995\" data-end=\"1077\">su ge\u00e7irmez, g\u00fcne\u015f \u0131\u015f\u0131\u011f\u0131na dayan\u0131kl\u0131 ve y\u0131rt\u0131lmaya kar\u015f\u0131 diren\u00e7li brandalardan<\/strong> \u00fcretilmi\u015f \u00f6rt\u00fc sistemleridir. \u00c7er\u00e7eveli (iskeleli) ya da iskeletsiz olarak \u00fcretilebilir. \u0130ste\u011fe g\u00f6re <strong data-start=\"1179\" data-end=\"1190\">k\u00f6r\u00fckl\u00fc<\/strong>, <strong data-start=\"1192\" data-end=\"1209\">rulo sistemli<\/strong>, ya da <strong data-start=\"1217\" data-end=\"1232\">sabit tente<\/strong> olarak uygulanabilir.<\/p><hr class=\"\" data-start=\"1256\" data-end=\"1259\" \/><h3 class=\"\" data-start=\"1261\" data-end=\"1305\">Kamyonet Tenteleri Nerelerde Kullan\u0131l\u0131r?<\/h3><ul data-start=\"1307\" data-end=\"1498\"><li class=\"\" data-start=\"1307\" data-end=\"1335\"><p class=\"\" data-start=\"1309\" data-end=\"1335\">\ud83d\ude9a <strong data-start=\"1312\" data-end=\"1333\">Nakliye firmalar\u0131<\/strong><\/p><\/li><li class=\"\" data-start=\"1336\" data-end=\"1361\"><p class=\"\" data-start=\"1338\" data-end=\"1361\">\ud83e\uddf1 <strong data-start=\"1341\" data-end=\"1359\">\u0130n\u015faat sekt\u00f6r\u00fc<\/strong><\/p><\/li><li class=\"\" data-start=\"1362\" data-end=\"1400\"><p class=\"\" data-start=\"1364\" data-end=\"1400\">\ud83c\udf3e <strong data-start=\"1367\" data-end=\"1398\">Tar\u0131m ve hayvanc\u0131l\u0131k i\u015fleri<\/strong><\/p><\/li><li class=\"\" data-start=\"1401\" data-end=\"1452\"><p class=\"\" data-start=\"1403\" data-end=\"1452\">\ud83d\udce6 <strong data-start=\"1406\" data-end=\"1450\">Market ve \u00fcr\u00fcn da\u011f\u0131t\u0131m\u0131 yapan i\u015fletmeler<\/strong><\/p><\/li><li class=\"\" data-start=\"1453\" data-end=\"1498\"><p class=\"\" data-start=\"1455\" data-end=\"1498\">\ud83d\udee0\ufe0f <strong data-start=\"1459\" data-end=\"1498\">Sanayi tipi malzeme ta\u015f\u0131yan ara\u00e7lar<\/strong><\/p><\/li><\/ul><hr class=\"\" data-start=\"1500\" data-end=\"1503\" \/><h3 class=\"\" data-start=\"1505\" data-end=\"1537\">Kamyonet Tentesi \u00d6zellikleri<\/h3><ul data-start=\"1539\" data-end=\"1867\"><li class=\"\" data-start=\"1539\" data-end=\"1575\"><p class=\"\" data-start=\"1541\" data-end=\"1575\">\u2705 <strong data-start=\"1543\" data-end=\"1573\">Su ve toz ge\u00e7irmez malzeme<\/strong><\/p><\/li><li class=\"\" data-start=\"1576\" data-end=\"1624\"><p class=\"\" data-start=\"1578\" data-end=\"1624\">\u2705 <strong data-start=\"1580\" data-end=\"1622\">G\u00fcne\u015fe ve UV \u0131\u015f\u0131nlar\u0131na kar\u015f\u0131 diren\u00e7li<\/strong><\/p><\/li><li class=\"\" data-start=\"1625\" data-end=\"1663\"><p class=\"\" data-start=\"1627\" data-end=\"1663\">\u2705 <strong data-start=\"1629\" data-end=\"1661\">So\u011fuk hava ko\u015fullar\u0131na uygun<\/strong><\/p><\/li><li class=\"\" data-start=\"1664\" data-end=\"1713\"><p class=\"\" data-start=\"1666\" data-end=\"1713\">\u2705 <strong data-start=\"1668\" data-end=\"1711\">Y\u0131rt\u0131lmaz, esnek ve dayan\u0131kl\u0131 brandalar<\/strong><\/p><\/li><li class=\"\" data-start=\"1714\" data-end=\"1779\"><p class=\"\" data-start=\"1716\" data-end=\"1779\">\u2705 <strong data-start=\"1718\" data-end=\"1777\">\u0130ste\u011fe g\u00f6re bask\u0131l\u0131 logo ve firma bilgisi uygulanabilir<\/strong><\/p><\/li><li class=\"\" data-start=\"1780\" data-end=\"1823\"><p class=\"\" data-start=\"1782\" data-end=\"1823\">\u2705 <strong data-start=\"1784\" data-end=\"1821\">G\u00fcmr\u00fck y\u00f6netmeli\u011fine uygun \u00fcretim<\/strong><\/p><\/li><li class=\"\" data-start=\"1824\" data-end=\"1867\"><p class=\"\" data-start=\"1826\" data-end=\"1867\">\u2705 <strong data-start=\"1828\" data-end=\"1867\">Farkl\u0131 renk ve kal\u0131nl\u0131k se\u00e7enekleri<\/strong><\/p><\/li><\/ul><hr class=\"\" data-start=\"1869\" data-end=\"1872\" \/><h3 class=\"\" data-start=\"1874\" data-end=\"1928\">Kamyonet Tentesinde Neden Bizi Tercih Etmelisiniz?<\/h3><p class=\"\" data-start=\"1930\" data-end=\"2172\"><strong data-start=\"1930\" data-end=\"1954\">bursatentebranda.com<\/strong> olarak, kamyonet tentelerinde ihtiyaca \u00f6zel \u00e7\u00f6z\u00fcmler sunuyoruz. Her araca \u00f6zel \u00f6l\u00e7\u00fc al\u0131narak, tam uyumlu ve i\u015flevsel brandalar \u00fcretiyoruz. Kullan\u0131lan t\u00fcm malzemeler 1. s\u0131n\u0131f kalitede olup, uzun \u00f6m\u00fcrl\u00fc kullan\u0131m sa\u011flar.<\/p><p class=\"\" data-start=\"2174\" data-end=\"2195\">Sundu\u011fumuz hizmetler:<\/p><ul data-start=\"2197\" data-end=\"2369\"><li class=\"\" data-start=\"2197\" data-end=\"2231\"><p class=\"\" data-start=\"2199\" data-end=\"2231\">\ud83d\udccf \u00dccretsiz \u00f6l\u00e7\u00fc alma ve ke\u015fif<\/p><\/li><li class=\"\" data-start=\"2232\" data-end=\"2260\"><p class=\"\" data-start=\"2234\" data-end=\"2260\">\ud83e\uddf5 \u00d6zel ebatlarda \u00fcretim<\/p><\/li><li class=\"\" data-start=\"2261\" data-end=\"2298\"><p class=\"\" data-start=\"2263\" data-end=\"2298\">\ud83d\udda8\ufe0f Kurumsal logolu bask\u0131 hizmeti<\/p><\/li><li class=\"\" data-start=\"2299\" data-end=\"2333\"><p class=\"\" data-start=\"2301\" data-end=\"2333\">\ud83d\udd27 H\u0131zl\u0131 ve profesyonel montaj<\/p><\/li><li class=\"\" data-start=\"2334\" data-end=\"2369\"><p class=\"\" data-start=\"2336\" data-end=\"2369\">\ud83d\udee0\ufe0f Yedek par\u00e7a ve branda onar\u0131m\u0131<\/p><\/li><\/ul><hr class=\"\" data-start=\"2371\" data-end=\"2374\" \/><h2 class=\"\" data-start=\"2376\" data-end=\"2423\">Kamyonetiniz \u0130\u00e7in Dayan\u0131kl\u0131 ve Estetik \u00c7\u00f6z\u00fcm<\/h2><p class=\"\" data-start=\"2425\" data-end=\"2624\">Siz de ta\u015f\u0131mac\u0131l\u0131kta g\u00fcvenli\u011fi art\u0131rmak, malzemelerinizi d\u0131\u015f etkenlerden korumak ve arac\u0131n\u0131za profesyonel bir g\u00f6r\u00fcn\u00fcm kazand\u0131rmak istiyorsan\u0131z, <strong data-start=\"2569\" data-end=\"2589\">kamyonet tentesi<\/strong> hizmetimizden faydalanabilirsiniz.<\/p><p class=\"\" data-start=\"2626\" data-end=\"2736\">\ud83d\udcde <strong data-start=\"2629\" data-end=\"2642\">\u0130leti\u015fim: <\/strong><a href=\"tel:05366533462\">0536 653 34 62<\/a><\/p><p class=\"\" data-start=\"2626\" data-end=\"2736\">\ud83c\udf10 <strong data-start=\"2668\" data-end=\"2676\">Web:<\/strong> <a class=\"\" href=\"http:\/\/www.bursatentebranda.com\" target=\"_new\" rel=\"noopener\" data-start=\"2677\" data-end=\"2736\">www.bursatentebranda.com<\/a><\/p>\t\t\t\t\t\t\t\t<\/div>\n\t\t\t\t<\/div>\n\t\t\t\t\t<\/div>\n\t\t\t\t<\/div>\n\t\t\t\t<\/div>\n\t\t","protected":false},"excerpt":{"rendered":"<p>BURSA TENTE BRANDA \u00c7ADIR Tel: 0224 251 82 23 &#8211; Gsm: 0536 653 34 62 &#8211; Gsm: 0531 200 44 84 KAMYONET TENTELER\u0130 Kamyon ve kamyonet kasalar\u0131n\u0131n branda ile kapat\u0131lmas\u0131 i\u015flemini yapmaktay\u0131z. Kamyonet Tenteleri: Y\u00fck Ta\u015f\u0131mac\u0131l\u0131\u011f\u0131nda Koruma ve Dayan\u0131kl\u0131l\u0131k Nakliye sekt\u00f6r\u00fcnde en \u00f6nemli unsurlardan biri, ta\u015f\u0131nan y\u00fcklerin d\u0131\u015f etkenlerden korunmas\u0131d\u0131r. Kamyonet tenteleri, bu ihtiyac\u0131 kar\u015f\u0131lamak \u00fczere \u00f6zel olarak tasarlanm\u0131\u015f dayan\u0131kl\u0131 branda sistemleridir. Hem hafif ticari ara\u00e7lar hem de orta \u00f6l\u00e7ekli kamyonetler i\u00e7in ideal olan bu tenteler, ta\u015f\u0131ma g\u00fcvenli\u011fini art\u0131r\u0131r ve uzun \u00f6m\u00fcrl\u00fc kullan\u0131m sunar. Bursa merkezli firmam\u0131z bursatentebranda.com, kamyonet tentelerinde kaliteli malzeme ve uzman i\u015f\u00e7ilikle hizmet vermektedir. Geni\u015f \u00fcr\u00fcn yelpazemiz ve \u00f6zelle\u015ftirilebilir \u00e7\u00f6z\u00fcmlerimiz ile y\u00fck ta\u015f\u0131mac\u0131l\u0131\u011f\u0131 art\u0131k daha g\u00fcvenli ve pratik. Kamyonet Tentesi Nedir? Kamyonet tenteleri, a\u00e7\u0131k kasa kamyonetlerin \u00fczerine monte edilen, su ge\u00e7irmez, g\u00fcne\u015f \u0131\u015f\u0131\u011f\u0131na dayan\u0131kl\u0131 ve y\u0131rt\u0131lmaya kar\u015f\u0131 diren\u00e7li brandalardan \u00fcretilmi\u015f \u00f6rt\u00fc sistemleridir. \u00c7er\u00e7eveli (iskeleli) ya da iskeletsiz olarak \u00fcretilebilir. \u0130ste\u011fe g\u00f6re k\u00f6r\u00fckl\u00fc, rulo sistemli, ya da sabit tente olarak uygulanabilir. Kamyonet Tenteleri Nerelerde Kullan\u0131l\u0131r? \ud83d\ude9a Nakliye firmalar\u0131 \ud83e\uddf1 \u0130n\u015faat sekt\u00f6r\u00fc \ud83c\udf3e Tar\u0131m ve hayvanc\u0131l\u0131k i\u015fleri \ud83d\udce6 Market ve \u00fcr\u00fcn da\u011f\u0131t\u0131m\u0131 yapan i\u015fletmeler \ud83d\udee0\ufe0f Sanayi tipi malzeme ta\u015f\u0131yan ara\u00e7lar Kamyonet Tentesi \u00d6zellikleri \u2705 Su ve toz ge\u00e7irmez malzeme \u2705 G\u00fcne\u015fe ve UV \u0131\u015f\u0131nlar\u0131na kar\u015f\u0131 diren\u00e7li \u2705 So\u011fuk hava ko\u015fullar\u0131na uygun \u2705 Y\u0131rt\u0131lmaz, esnek ve dayan\u0131kl\u0131 brandalar \u2705 \u0130ste\u011fe g\u00f6re bask\u0131l\u0131 logo ve firma bilgisi uygulanabilir \u2705 G\u00fcmr\u00fck y\u00f6netmeli\u011fine uygun \u00fcretim \u2705 Farkl\u0131 renk ve kal\u0131nl\u0131k se\u00e7enekleri Kamyonet Tentesinde Neden Bizi Tercih Etmelisiniz? bursatentebranda.com olarak, kamyonet tentelerinde ihtiyaca \u00f6zel \u00e7\u00f6z\u00fcmler sunuyoruz. Her araca \u00f6zel \u00f6l\u00e7\u00fc al\u0131narak, tam uyumlu ve i\u015flevsel brandalar \u00fcretiyoruz. Kullan\u0131lan t\u00fcm malzemeler 1. s\u0131n\u0131f kalitede olup, uzun \u00f6m\u00fcrl\u00fc kullan\u0131m sa\u011flar. Sundu\u011fumuz hizmetler: \ud83d\udccf \u00dccretsiz \u00f6l\u00e7\u00fc alma ve ke\u015fif \ud83e\uddf5 \u00d6zel ebatlarda \u00fcretim \ud83d\udda8\ufe0f Kurumsal logolu bask\u0131 hizmeti \ud83d\udd27 H\u0131zl\u0131 ve profesyonel montaj \ud83d\udee0\ufe0f Yedek par\u00e7a ve branda onar\u0131m\u0131 Kamyonetiniz \u0130\u00e7in Dayan\u0131kl\u0131 ve Estetik \u00c7\u00f6z\u00fcm Siz de ta\u015f\u0131mac\u0131l\u0131kta g\u00fcvenli\u011fi art\u0131rmak, malzemelerinizi d\u0131\u015f etkenlerden korumak ve arac\u0131n\u0131za profesyonel bir g\u00f6r\u00fcn\u00fcm kazand\u0131rmak istiyorsan\u0131z, kamyonet tentesi hizmetimizden faydalanabilirsiniz. \ud83d\udcde \u0130leti\u015fim: 0536 653 34 62 \ud83c\udf10 Web: www.bursatentebranda.com<\/p>\n","protected":false},"author":1,"featured_media":1183,"parent":0,"menu_order":0,"comment_status":"open","ping_status":"closed","template":"elementor_header_footer","meta":{"_kadence_starter_templates_imported_post":false,"_kad_post_transparent":"","_kad_post_title":"","_kad_post_layout":"","_kad_post_sidebar_id":"","_kad_post_content_style":"","_kad_post_vertical_padding":"","_kad_post_feature":"","_kad_post_feature_position":"","_kad_post_header":false,"_kad_post_footer":false,"footnotes":""},"class_list":["post-180","page","type-page","status-publish","has-post-thumbnail","hentry"],"_links":{"self":[{"href":"http:\/\/bursatentebranda.com\/tr\/wp-json\/wp\/v2\/pages\/180","targetHints":{"allow":["GET"]}}],"collection":[{"href":"http:\/\/bursatentebranda.com\/tr\/wp-json\/wp\/v2\/pages"}],"about":[{"href":"http:\/\/bursatentebranda.com\/tr\/wp-json\/wp\/v2\/types\/page"}],"author":[{"embeddable":true,"href":"http:\/\/bursatentebranda.com\/tr\/wp-json\/wp\/v2\/users\/1"}],"replies":[{"embeddable":true,"href":"http:\/\/bursatentebranda.com\/tr\/wp-json\/wp\/v2\/comments?post=180"}],"version-history":[{"count":15,"href":"http:\/\/bursatentebranda.com\/tr\/wp-json\/wp\/v2\/pages\/180\/revisions"}],"predecessor-version":[{"id":1548,"href":"http:\/\/bursatentebranda.com\/tr\/wp-json\/wp\/v2\/pages\/180\/revisions\/1548"}],"wp:featuredmedia":[{"embeddable":true,"href":"http:\/\/bursatentebranda.com\/tr\/wp-json\/wp\/v2\/media\/1183"}],"wp:attachment":[{"href":"http:\/\/bursatentebranda.com\/tr\/wp-json\/wp\/v2\/media?parent=180"}],"curies":[{"name":"wp","href":"https:\/\/api.w.org\/{rel}","templated":true}]}}