{"id":38,"date":"2015-08-18T07:17:50","date_gmt":"2015-08-18T04:17:50","guid":{"rendered":"http:\/\/themes.muffingroup.com\/be\/glasses\/?page_id=38"},"modified":"2025-05-16T18:45:35","modified_gmt":"2025-05-16T15:45:35","slug":"tente-branda-cadir","status":"publish","type":"page","link":"http:\/\/bursatentebranda.com\/tr\/tente-branda-cadir\/","title":{"rendered":"KURUMSAL"},"content":{"rendered":"\t\t<div data-elementor-type=\"wp-page\" data-elementor-id=\"38\" class=\"elementor elementor-38\">\n\t\t\t\t<div class=\"elementor-element elementor-element-28e41f4 e-flex e-con-boxed wpr-particle-no wpr-jarallax-no wpr-parallax-no wpr-sticky-section-no e-con e-parent\" data-id=\"28e41f4\" data-element_type=\"container\" data-settings=\"{&quot;background_background&quot;:&quot;classic&quot;}\">\n\t\t\t\t\t<div class=\"e-con-inner\">\n\t\t\t\t<div class=\"elementor-element elementor-element-1815daa elementor-widget elementor-widget-heading\" data-id=\"1815daa\" data-element_type=\"widget\" data-widget_type=\"heading.default\">\n\t\t\t\t<div class=\"elementor-widget-container\">\n\t\t\t\t\t<h3 class=\"elementor-heading-title elementor-size-default\">BURSA TENTE BRANDA<\/h3>\t\t\t\t<\/div>\n\t\t\t\t<\/div>\n\t\t\t\t<div class=\"elementor-element elementor-element-c994e5d elementor-widget elementor-widget-heading\" data-id=\"c994e5d\" data-element_type=\"widget\" data-widget_type=\"heading.default\">\n\t\t\t\t<div class=\"elementor-widget-container\">\n\t\t\t\t\t<h3 class=\"elementor-heading-title elementor-size-default\">Bursa Tente Branda mafsall\u0131 tenteler, k\u00f6r\u00fckl\u00fc tenteler, rayl\u0131 tenteler, k\u0131\u015f kapamas\u0131 tenteleri, kamyonet tenteleri, karpuz yuvarlak tenteleri \u00fcretimi yapmaktad\u0131r.<\/h3>\t\t\t\t<\/div>\n\t\t\t\t<\/div>\n\t\t\t\t\t<\/div>\n\t\t\t\t<\/div>\n\t\t<div class=\"elementor-element elementor-element-a26d3a4 e-flex e-con-boxed wpr-particle-no wpr-jarallax-no wpr-parallax-no wpr-sticky-section-no e-con e-parent\" data-id=\"a26d3a4\" data-element_type=\"container\">\n\t\t\t\t\t<div class=\"e-con-inner\">\n\t\t\t\t<div class=\"elementor-element elementor-element-6764c50 elementor-widget elementor-widget-text-editor\" data-id=\"6764c50\" data-element_type=\"widget\" data-widget_type=\"text-editor.default\">\n\t\t\t\t<div class=\"elementor-widget-container\">\n\t\t\t\t\t\t\t\t\t<p class=\"\" data-start=\"233\" data-end=\"502\"><strong data-start=\"233\" data-end=\"248\">BURSA \u00c7ADIR<\/strong>, 2000&#8217;li y\u0131llar\u0131n ba\u015f\u0131ndan bu yana tente, branda ve \u00e7ad\u0131r sistemleri alan\u0131nda uzmanla\u015fm\u0131\u015f k\u00f6kl\u00fc bir firmad\u0131r. Kuruldu\u011fumuz g\u00fcnden itibaren kaliteyi, uygun fiyat politikas\u0131yla birle\u015ftirerek hem konut hem de ticari alanlara profesyonel \u00e7\u00f6z\u00fcmler sunuyoruz.<\/p><p class=\"\" data-start=\"504\" data-end=\"854\">Sekt\u00f6rdeki uzun y\u0131llara dayanan deneyimimiz, her biri alan\u0131nda uzman teknik kadromuz ve g\u00fc\u00e7l\u00fc servis a\u011f\u0131m\u0131z ile m\u00fc\u015fterilerimize h\u0131zl\u0131, g\u00fcvenilir ve kal\u0131c\u0131 \u00e7\u00f6z\u00fcmler \u00fcretmekteyiz. Geli\u015fen teknolojiyi yak\u0131ndan takip ederek hem modern hem de i\u015flevsel tasar\u0131mlar\u0131 hayata ge\u00e7iriyor; <strong data-start=\"781\" data-end=\"836\">Bursa ba\u015fta olmak \u00fczere T\u00fcrkiye\u2019nin d\u00f6rt bir yan\u0131na<\/strong> hizmet sunuyoruz.<\/p><p class=\"\" data-start=\"856\" data-end=\"881\">\u00dcr\u00fcn yelpazemiz aras\u0131nda:<\/p><ul data-start=\"882\" data-end=\"1087\"><li class=\"\" data-start=\"882\" data-end=\"907\"><p class=\"\" data-start=\"884\" data-end=\"907\"><strong data-start=\"884\" data-end=\"905\">Mafsall\u0131 Tenteler<\/strong><\/p><\/li><li class=\"\" data-start=\"908\" data-end=\"932\"><p class=\"\" data-start=\"910\" data-end=\"932\"><strong data-start=\"910\" data-end=\"930\">K\u00f6r\u00fckl\u00fc Tenteler<\/strong><\/p><\/li><li class=\"\" data-start=\"933\" data-end=\"955\"><p class=\"\" data-start=\"935\" data-end=\"955\"><strong data-start=\"935\" data-end=\"953\">Rayl\u0131 Tenteler<\/strong><\/p><\/li><li class=\"\" data-start=\"956\" data-end=\"1018\"><p class=\"\" data-start=\"958\" data-end=\"1018\"><strong data-start=\"958\" data-end=\"1016\">K\u0131\u015f Bah\u00e7esi Kapama Sistemleri (K\u0131\u015f Kapamas\u0131 Tenteleri)<\/strong><\/p><\/li><li class=\"\" data-start=\"1019\" data-end=\"1056\"><p class=\"\" data-start=\"1021\" data-end=\"1056\"><strong data-start=\"1021\" data-end=\"1054\">Kamyonet ve Ta\u015f\u0131ma Brandalar\u0131<\/strong><\/p><\/li><li class=\"\" data-start=\"1057\" data-end=\"1087\"><p class=\"\" data-start=\"1059\" data-end=\"1087\"><strong data-start=\"1059\" data-end=\"1087\">Yuvarlak Karpuz Tenteler<\/strong><\/p><\/li><\/ul><p class=\"\" data-start=\"1089\" data-end=\"1184\">yer almakta olup, t\u00fcm \u00fcr\u00fcnlerimiz m\u00fc\u015fteriye \u00f6zel \u00f6l\u00e7\u00fc ve renk se\u00e7enekleriyle imal edilmektedir.<\/p><p class=\"\" data-start=\"1186\" data-end=\"1467\"><strong data-start=\"1186\" data-end=\"1201\">BURSA \u00c7ADIR<\/strong> olarak m\u00fc\u015fteri memnuniyetini daima \u00f6n planda tutuyor; h\u0131zl\u0131 ke\u015fif, kaliteli montaj ve sat\u0131\u015f sonras\u0131 destek hizmetlerimizle fark yarat\u0131yoruz. Tente ve branda ihtiya\u00e7lar\u0131n\u0131zda, g\u00fcvenilir ve \u00e7\u00f6z\u00fcm odakl\u0131 bir i\u015f orta\u011f\u0131 ar\u0131yorsan\u0131z, biz sadece bir telefon kadar yak\u0131n\u0131z.<\/p>\t\t\t\t\t\t\t\t<\/div>\n\t\t\t\t<\/div>\n\t\t\t\t\t<\/div>\n\t\t\t\t<\/div>\n\t\t\t\t<\/div>\n\t\t","protected":false},"excerpt":{"rendered":"<p>BURSA TENTE BRANDA Bursa Tente Branda mafsall\u0131 tenteler, k\u00f6r\u00fckl\u00fc tenteler, rayl\u0131 tenteler, k\u0131\u015f kapamas\u0131 tenteleri, kamyonet tenteleri, karpuz yuvarlak tenteleri \u00fcretimi yapmaktad\u0131r. BURSA \u00c7ADIR, 2000&#8217;li y\u0131llar\u0131n ba\u015f\u0131ndan bu yana tente, branda ve \u00e7ad\u0131r sistemleri alan\u0131nda uzmanla\u015fm\u0131\u015f k\u00f6kl\u00fc bir firmad\u0131r. Kuruldu\u011fumuz g\u00fcnden itibaren kaliteyi, uygun fiyat politikas\u0131yla birle\u015ftirerek hem konut hem de ticari alanlara profesyonel \u00e7\u00f6z\u00fcmler sunuyoruz. Sekt\u00f6rdeki uzun y\u0131llara dayanan deneyimimiz, her biri alan\u0131nda uzman teknik kadromuz ve g\u00fc\u00e7l\u00fc servis a\u011f\u0131m\u0131z ile m\u00fc\u015fterilerimize h\u0131zl\u0131, g\u00fcvenilir ve kal\u0131c\u0131 \u00e7\u00f6z\u00fcmler \u00fcretmekteyiz. Geli\u015fen teknolojiyi yak\u0131ndan takip ederek hem modern hem de i\u015flevsel tasar\u0131mlar\u0131 hayata ge\u00e7iriyor; Bursa ba\u015fta olmak \u00fczere T\u00fcrkiye\u2019nin d\u00f6rt bir yan\u0131na hizmet sunuyoruz. \u00dcr\u00fcn yelpazemiz aras\u0131nda: Mafsall\u0131 Tenteler K\u00f6r\u00fckl\u00fc Tenteler Rayl\u0131 Tenteler K\u0131\u015f Bah\u00e7esi Kapama Sistemleri (K\u0131\u015f Kapamas\u0131 Tenteleri) Kamyonet ve Ta\u015f\u0131ma Brandalar\u0131 Yuvarlak Karpuz Tenteler yer almakta olup, t\u00fcm \u00fcr\u00fcnlerimiz m\u00fc\u015fteriye \u00f6zel \u00f6l\u00e7\u00fc ve renk se\u00e7enekleriyle imal edilmektedir. BURSA \u00c7ADIR olarak m\u00fc\u015fteri memnuniyetini daima \u00f6n planda tutuyor; h\u0131zl\u0131 ke\u015fif, kaliteli montaj ve sat\u0131\u015f sonras\u0131 destek hizmetlerimizle fark yarat\u0131yoruz. Tente ve branda ihtiya\u00e7lar\u0131n\u0131zda, g\u00fcvenilir ve \u00e7\u00f6z\u00fcm odakl\u0131 bir i\u015f orta\u011f\u0131 ar\u0131yorsan\u0131z, biz sadece bir telefon kadar yak\u0131n\u0131z.<\/p>\n","protected":false},"author":1,"featured_media":85,"parent":0,"menu_order":0,"comment_status":"open","ping_status":"closed","template":"elementor_header_footer","meta":{"_kadence_starter_templates_imported_post":false,"_kad_post_transparent":"","_kad_post_title":"","_kad_post_layout":"","_kad_post_sidebar_id":"","_kad_post_content_style":"","_kad_post_vertical_padding":"","_kad_post_feature":"","_kad_post_feature_position":"","_kad_post_header":false,"_kad_post_footer":false,"footnotes":""},"class_list":["post-38","page","type-page","status-publish","has-post-thumbnail","hentry"],"_links":{"self":[{"href":"http:\/\/bursatentebranda.com\/tr\/wp-json\/wp\/v2\/pages\/38","targetHints":{"allow":["GET"]}}],"collection":[{"href":"http:\/\/bursatentebranda.com\/tr\/wp-json\/wp\/v2\/pages"}],"about":[{"href":"http:\/\/bursatentebranda.com\/tr\/wp-json\/wp\/v2\/types\/page"}],"author":[{"embeddable":true,"href":"http:\/\/bursatentebranda.com\/tr\/wp-json\/wp\/v2\/users\/1"}],"replies":[{"embeddable":true,"href":"http:\/\/bursatentebranda.com\/tr\/wp-json\/wp\/v2\/comments?post=38"}],"version-history":[{"count":18,"href":"http:\/\/bursatentebranda.com\/tr\/wp-json\/wp\/v2\/pages\/38\/revisions"}],"predecessor-version":[{"id":1393,"href":"http:\/\/bursatentebranda.com\/tr\/wp-json\/wp\/v2\/pages\/38\/revisions\/1393"}],"wp:featuredmedia":[{"embeddable":true,"href":"http:\/\/bursatentebranda.com\/tr\/wp-json\/wp\/v2\/media\/85"}],"wp:attachment":[{"href":"http:\/\/bursatentebranda.com\/tr\/wp-json\/wp\/v2\/media?parent=38"}],"curies":[{"name":"wp","href":"https:\/\/api.w.org\/{rel}","templated":true}]}}